{"id":44668,"date":"2022-08-05T02:21:56","date_gmt":"2022-08-05T00:21:56","guid":{"rendered":"https:\/\/www.scrubimed.sk\/?post_type=product&#038;p=44668"},"modified":"2026-04-23T13:54:00","modified_gmt":"2026-04-23T11:54:00","slug":"zdravotnicke-nohavice-elastic","status":"publish","type":"product","link":"https:\/\/www.scrubimed.sk\/cs\/produkt\/zdravotnicke-nohavice-elastic\/","title":{"rendered":"Zdravotn\u00edcke Nohavice &#8211; Elastic"},"content":{"rendered":"<p><img class=\"alignnone wp-image-44545\" src=\"https:\/\/www.scrubimed.sk\/wp-content\/uploads\/2022\/08\/OVERENY-ESHOP-SCRUBIMED.SK_.png\" alt=\"\" width=\"164\" height=\"157\" srcset=\"https:\/\/www.scrubimed.sk\/wp-content\/uploads\/2022\/08\/OVERENY-ESHOP-SCRUBIMED.SK_.png 1024w, https:\/\/www.scrubimed.sk\/wp-content\/uploads\/2022\/08\/OVERENY-ESHOP-SCRUBIMED.SK_-300x288.png 300w, https:\/\/www.scrubimed.sk\/wp-content\/uploads\/2022\/08\/OVERENY-ESHOP-SCRUBIMED.SK_-768x738.png 768w, https:\/\/www.scrubimed.sk\/wp-content\/uploads\/2022\/08\/OVERENY-ESHOP-SCRUBIMED.SK_-1536x1476.png 1536w, https:\/\/www.scrubimed.sk\/wp-content\/uploads\/2022\/08\/OVERENY-ESHOP-SCRUBIMED.SK_-2048x1968.png 2048w, https:\/\/www.scrubimed.sk\/wp-content\/uploads\/2022\/08\/OVERENY-ESHOP-SCRUBIMED.SK_-510x490.png 510w, https:\/\/www.scrubimed.sk\/wp-content\/uploads\/2022\/08\/OVERENY-ESHOP-SCRUBIMED.SK_-62x60.png 62w, https:\/\/www.scrubimed.sk\/wp-content\/uploads\/2022\/08\/OVERENY-ESHOP-SCRUBIMED.SK_-94x90.png 94w\" sizes=\"(max-width: 164px) 100vw, 164px\" \/> <img class=\"alignnone wp-image-44548\" src=\"https:\/\/www.scrubimed.sk\/wp-content\/uploads\/2022\/08\/5-STARS-RATING-SCRUBIMED.SK_.png\" alt=\"\" width=\"223\" height=\"42\" srcset=\"https:\/\/www.scrubimed.sk\/wp-content\/uploads\/2022\/08\/5-STARS-RATING-SCRUBIMED.SK_.png 1024w, https:\/\/www.scrubimed.sk\/wp-content\/uploads\/2022\/08\/5-STARS-RATING-SCRUBIMED.SK_-300x57.png 300w, https:\/\/www.scrubimed.sk\/wp-content\/uploads\/2022\/08\/5-STARS-RATING-SCRUBIMED.SK_-768x145.png 768w, https:\/\/www.scrubimed.sk\/wp-content\/uploads\/2022\/08\/5-STARS-RATING-SCRUBIMED.SK_-1536x291.png 1536w, https:\/\/www.scrubimed.sk\/wp-content\/uploads\/2022\/08\/5-STARS-RATING-SCRUBIMED.SK_-2048x388.png 2048w, https:\/\/www.scrubimed.sk\/wp-content\/uploads\/2022\/08\/5-STARS-RATING-SCRUBIMED.SK_-510x97.png 510w, https:\/\/www.scrubimed.sk\/wp-content\/uploads\/2022\/08\/5-STARS-RATING-SCRUBIMED.SK_-190x36.png 190w, https:\/\/www.scrubimed.sk\/wp-content\/uploads\/2022\/08\/5-STARS-RATING-SCRUBIMED.SK_-475x90.png 475w\" sizes=\"(max-width: 223px) 100vw, 223px\" \/><\/p>\n<p>Klasick\u00e9 zdravotn\u00edcke nohavice z kvalitn\u00e9ho bavlnen\u00e9ho pl\u00e1tna s pr\u00edmesou elastanu. Vycibren\u00fd strih, poctiv\u00e9 spracovanie v kombin\u00e1cii s akostn\u00fdmi materi\u00e1lmi v\u00e1m zaru\u010dia potrebn\u00fd komfort a trv\u00e1cnos\u0165 pri pr\u00e1ci v zdravotn\u00edctve. Dve bo\u010dn\u00e9 a jedno zadn\u00e9 vrecko umoc\u0148uj\u00fa praktickos\u0165. Kr\u00e1sne farby s\u00fa u\u017e len \u010dere\u0161ni\u010dkou na torte. Vychutnajte si ka\u017edodenn\u00fd p\u00f4\u017eitok z obliekania si najpohodlnej\u0161ieho zdravotn\u00edckeho oble\u010denia.<\/p>\n<p>V kolekcii Elastic n\u00e1jdete kvalitn\u00e9 zdravotn\u00edcke oble\u010denie u\u0161it\u00e9 na Slovensku z bavlnen\u00e9ho pl\u00e1tna s pr\u00edmesou elastanu. Pomer bavlna\/elastan je 95\/5. Tieto odevy s\u00fa pru\u017en\u00e9, vhodn\u00e9 na pr\u00e1cu, pri ktorej s\u00fa nevyhnutn\u00e9 pohybov\u00e9 \u00fakony alebo ak si chcete umocni\u0165 pocit vo\u013enosti.<\/p>\n<ul>\n<li>Pohodlne si vytvorte objedn\u00e1vku a nechajte si oble\u010denie doru\u010di\u0165 k v\u00e1m domov \u010di do pr\u00e1ce.<\/li>\n<li>\u010ee\u0148 pred doru\u010den\u00edm budete upozornen\u00ed cez mail.<\/li>\n<li>V de\u0148 doru\u010denia v\u00e1m bude vola\u0165 kuri\u00e9r. Ak by sa stalo, \u017ee v danom term\u00edne nebudete m\u00f4c\u0165 bal\u00ed\u010dek prebra\u0165, jednoducho sa s kuri\u00e9rom dohodnete na inom dni doru\u010denia:)<\/li>\n<li>Ak by oble\u010denie z ak\u00e9hoko\u013evek d\u00f4vodu nevyhovovalo, vymen\u00edme v\u00e1m ho za in\u00e9 alebo n\u00e1m ho vr\u00e1tite:)<\/li>\n<\/ul>\n<p>V\u00e1\u017eime si, \u017ee ste sa rozhodli spravi\u0165 si rados\u0165 prostredn\u00edctvom scrubimed.sk<\/p>\n<p>&nbsp;<\/p>\n<p>Ak by ste mali ak\u00e9ko\u013evek ot\u00e1zky, dotazy \u010di pripomienky, kontaktujte n\u00e1s:<\/p>\n<p><strong>0907 368 756<\/strong><\/p>\n<p><strong>info@scrubimed.sk<\/strong><\/p>\n","protected":false},"excerpt":{"rendered":"<p><img class=\"alignnone wp-image-44657\" src=\"https:\/\/www.scrubimed.sk\/wp-content\/uploads\/2022\/08\/SLOVENSKA-VYROBA.png\" alt=\"\" width=\"117\" height=\"130\" srcset=\"https:\/\/www.scrubimed.sk\/wp-content\/uploads\/2022\/08\/SLOVENSKA-VYROBA.png 925w, https:\/\/www.scrubimed.sk\/wp-content\/uploads\/2022\/08\/SLOVENSKA-VYROBA-271x300.png 271w, https:\/\/www.scrubimed.sk\/wp-content\/uploads\/2022\/08\/SLOVENSKA-VYROBA-768x851.png 768w, https:\/\/www.scrubimed.sk\/wp-content\/uploads\/2022\/08\/SLOVENSKA-VYROBA-1387x1536.png 1387w, https:\/\/www.scrubimed.sk\/wp-content\/uploads\/2022\/08\/SLOVENSKA-VYROBA-510x565.png 510w, https:\/\/www.scrubimed.sk\/wp-content\/uploads\/2022\/08\/SLOVENSKA-VYROBA-54x60.png 54w, https:\/\/www.scrubimed.sk\/wp-content\/uploads\/2022\/08\/SLOVENSKA-VYROBA-81x90.png 81w\" sizes=\"(max-width: 117px) 100vw, 117px\" \/><\/p>\n<ul>\n<li>Elastick\u00e9 &#8211; zmes bavlny a elastanu<\/li>\n<li>P\u00e1s na gumu<\/li>\n<li>Dve bo\u010dn\u00e9 a jedno zadn\u00e9 vrecko<\/li>\n<li>Poctiv\u00e1 kvalitn\u00e1 ru\u010dn\u00e1 v\u00fdroba<\/li>\n<li>Kvalitn\u00fd pohodln\u00fd materi\u00e1l vhodn\u00fd na leto i zimu<\/li>\n<li>Antialerg\u00e9nne<\/li>\n<li>130 g\/m2<\/li>\n<\/ul>\n","protected":false},"featured_media":44672,"comment_status":"open","ping_status":"closed","template":"","meta":{"_mi_skip_tracking":false,"_monsterinsights_sitenote_active":false,"_monsterinsights_sitenote_note":"","_monsterinsights_sitenote_category":0,"spay_email":""},"product_cat":[237,233,1557,81,230,223],"product_tag":[],"_links":{"self":[{"href":"https:\/\/www.scrubimed.sk\/cs\/wp-json\/wp\/v2\/product\/44668"}],"collection":[{"href":"https:\/\/www.scrubimed.sk\/cs\/wp-json\/wp\/v2\/product"}],"about":[{"href":"https:\/\/www.scrubimed.sk\/cs\/wp-json\/wp\/v2\/types\/product"}],"replies":[{"embeddable":true,"href":"https:\/\/www.scrubimed.sk\/cs\/wp-json\/wp\/v2\/comments?post=44668"}],"wp:featuredmedia":[{"embeddable":true,"href":"https:\/\/www.scrubimed.sk\/cs\/wp-json\/wp\/v2\/media\/44672"}],"wp:attachment":[{"href":"https:\/\/www.scrubimed.sk\/cs\/wp-json\/wp\/v2\/media?parent=44668"}],"wp:term":[{"taxonomy":"product_cat","embeddable":true,"href":"https:\/\/www.scrubimed.sk\/cs\/wp-json\/wp\/v2\/product_cat?post=44668"},{"taxonomy":"product_tag","embeddable":true,"href":"https:\/\/www.scrubimed.sk\/cs\/wp-json\/wp\/v2\/product_tag?post=44668"}],"curies":[{"name":"wp","href":"https:\/\/api.w.org\/{rel}","templated":true}]}}