{"id":41169,"date":"2022-03-24T11:51:56","date_gmt":"2022-03-24T10:51:56","guid":{"rendered":"https:\/\/www.scrubimed.sk\/?post_type=product&#038;p=41169"},"modified":"2022-03-24T11:54:13","modified_gmt":"2022-03-24T10:54:13","slug":"detske-tricko-atleticke-avokado","status":"publish","type":"product","link":"https:\/\/www.scrubimed.sk\/cs\/produkt\/detske-tricko-atleticke-avokado\/","title":{"rendered":"Detsk\u00e9 Tri\u010dko &#8211; Atletick\u00e9 avok\u00e1do"},"content":{"rendered":"","protected":false},"excerpt":{"rendered":"<ul>\n<li>Bavlnen\u00e9 detsk\u00e9 tri\u010dko s hravou potla\u010dou<\/li>\n<li>Zaru\u010duje komfort a in\u0161piruje k prospe\u0161n\u00fdm n\u00e1vykom<\/li>\n<li>Origin\u00e1lny v\u00fdrobok od scrubimed.sk<\/li>\n<li>Odpor\u00fa\u010dame pra\u0165 na 40 stup\u0148ov<\/li>\n<\/ul>\n","protected":false},"featured_media":41171,"comment_status":"open","ping_status":"closed","template":"","meta":{"_mi_skip_tracking":false,"_monsterinsights_sitenote_active":false,"_monsterinsights_sitenote_note":"","_monsterinsights_sitenote_category":0,"spay_email":""},"product_cat":[1453],"product_tag":[],"_links":{"self":[{"href":"https:\/\/www.scrubimed.sk\/cs\/wp-json\/wp\/v2\/product\/41169"}],"collection":[{"href":"https:\/\/www.scrubimed.sk\/cs\/wp-json\/wp\/v2\/product"}],"about":[{"href":"https:\/\/www.scrubimed.sk\/cs\/wp-json\/wp\/v2\/types\/product"}],"replies":[{"embeddable":true,"href":"https:\/\/www.scrubimed.sk\/cs\/wp-json\/wp\/v2\/comments?post=41169"}],"wp:featuredmedia":[{"embeddable":true,"href":"https:\/\/www.scrubimed.sk\/cs\/wp-json\/wp\/v2\/media\/41171"}],"wp:attachment":[{"href":"https:\/\/www.scrubimed.sk\/cs\/wp-json\/wp\/v2\/media?parent=41169"}],"wp:term":[{"taxonomy":"product_cat","embeddable":true,"href":"https:\/\/www.scrubimed.sk\/cs\/wp-json\/wp\/v2\/product_cat?post=41169"},{"taxonomy":"product_tag","embeddable":true,"href":"https:\/\/www.scrubimed.sk\/cs\/wp-json\/wp\/v2\/product_tag?post=41169"}],"curies":[{"name":"wp","href":"https:\/\/api.w.org\/{rel}","templated":true}]}}