{"id":40177,"date":"2022-02-21T17:42:23","date_gmt":"2022-02-21T16:42:23","guid":{"rendered":"https:\/\/www.scrubimed.sk\/?post_type=product&#038;p=40177"},"modified":"2023-12-14T14:13:58","modified_gmt":"2023-12-14T13:13:58","slug":"nohavicky-ekg","status":"publish","type":"product","link":"https:\/\/www.scrubimed.sk\/cs\/produkt\/nohavicky-ekg\/","title":{"rendered":"Nohavi\u010dky &#8211; EKG"},"content":{"rendered":"","protected":false},"excerpt":{"rendered":"<ul>\n<li>\u0160t\u00fdlov\u00e9 bavlnen\u00e9 nohavi\u010dky<\/li>\n<li>Zdravotn\u00edcky mot\u00edv<\/li>\n<\/ul>\n","protected":false},"featured_media":40197,"comment_status":"open","ping_status":"closed","template":"","meta":{"_mi_skip_tracking":false,"_monsterinsights_sitenote_active":false,"_monsterinsights_sitenote_note":"","_monsterinsights_sitenote_category":0,"spay_email":""},"product_cat":[1265,1309,1353,1319,1351],"product_tag":[],"_links":{"self":[{"href":"https:\/\/www.scrubimed.sk\/cs\/wp-json\/wp\/v2\/product\/40177"}],"collection":[{"href":"https:\/\/www.scrubimed.sk\/cs\/wp-json\/wp\/v2\/product"}],"about":[{"href":"https:\/\/www.scrubimed.sk\/cs\/wp-json\/wp\/v2\/types\/product"}],"replies":[{"embeddable":true,"href":"https:\/\/www.scrubimed.sk\/cs\/wp-json\/wp\/v2\/comments?post=40177"}],"wp:featuredmedia":[{"embeddable":true,"href":"https:\/\/www.scrubimed.sk\/cs\/wp-json\/wp\/v2\/media\/40197"}],"wp:attachment":[{"href":"https:\/\/www.scrubimed.sk\/cs\/wp-json\/wp\/v2\/media?parent=40177"}],"wp:term":[{"taxonomy":"product_cat","embeddable":true,"href":"https:\/\/www.scrubimed.sk\/cs\/wp-json\/wp\/v2\/product_cat?post=40177"},{"taxonomy":"product_tag","embeddable":true,"href":"https:\/\/www.scrubimed.sk\/cs\/wp-json\/wp\/v2\/product_tag?post=40177"}],"curies":[{"name":"wp","href":"https:\/\/api.w.org\/{rel}","templated":true}]}}