{"id":38175,"date":"2021-12-01T12:51:23","date_gmt":"2021-12-01T11:51:23","guid":{"rendered":"https:\/\/www.scrubimed.sk\/?post_type=product&#038;p=38175"},"modified":"2024-03-24T01:54:13","modified_gmt":"2024-03-24T00:54:13","slug":"comfortflex-ortopedicka-obuv-tweety","status":"publish","type":"product","link":"https:\/\/www.scrubimed.sk\/cs\/produkt\/comfortflex-ortopedicka-obuv-tweety\/","title":{"rendered":"COMFORTFLEX &#8211; Ortopedick\u00e1 obuv &#8211; Tweety"},"content":{"rendered":"<p><img class=\"alignnone size-full wp-image-32912\" src=\"https:\/\/www.scrubimed.sk\/wp-content\/uploads\/2021\/07\/il_1588xN.2914851985_ptty.jpg\" alt=\"\" width=\"1588\" height=\"2374\" srcset=\"https:\/\/www.scrubimed.sk\/wp-content\/uploads\/2021\/07\/il_1588xN.2914851985_ptty.jpg 1588w, https:\/\/www.scrubimed.sk\/wp-content\/uploads\/2021\/07\/il_1588xN.2914851985_ptty-201x300.jpg 201w, https:\/\/www.scrubimed.sk\/wp-content\/uploads\/2021\/07\/il_1588xN.2914851985_ptty-685x1024.jpg 685w, https:\/\/www.scrubimed.sk\/wp-content\/uploads\/2021\/07\/il_1588xN.2914851985_ptty-768x1148.jpg 768w, https:\/\/www.scrubimed.sk\/wp-content\/uploads\/2021\/07\/il_1588xN.2914851985_ptty-1027x1536.jpg 1027w, https:\/\/www.scrubimed.sk\/wp-content\/uploads\/2021\/07\/il_1588xN.2914851985_ptty-1370x2048.jpg 1370w, https:\/\/www.scrubimed.sk\/wp-content\/uploads\/2021\/07\/il_1588xN.2914851985_ptty-510x762.jpg 510w, https:\/\/www.scrubimed.sk\/wp-content\/uploads\/2021\/07\/il_1588xN.2914851985_ptty-40x60.jpg 40w, https:\/\/www.scrubimed.sk\/wp-content\/uploads\/2021\/07\/il_1588xN.2914851985_ptty-60x90.jpg 60w\" sizes=\"(max-width: 1588px) 100vw, 1588px\" \/><\/p>\n<p><img class=\"alignnone size-full wp-image-32909\" src=\"https:\/\/www.scrubimed.sk\/wp-content\/uploads\/2021\/07\/il_1588xN.2867661436_aplj.jpg\" alt=\"\" width=\"1588\" height=\"1195\" srcset=\"https:\/\/www.scrubimed.sk\/wp-content\/uploads\/2021\/07\/il_1588xN.2867661436_aplj.jpg 1588w, https:\/\/www.scrubimed.sk\/wp-content\/uploads\/2021\/07\/il_1588xN.2867661436_aplj-300x226.jpg 300w, https:\/\/www.scrubimed.sk\/wp-content\/uploads\/2021\/07\/il_1588xN.2867661436_aplj-1024x771.jpg 1024w, https:\/\/www.scrubimed.sk\/wp-content\/uploads\/2021\/07\/il_1588xN.2867661436_aplj-768x578.jpg 768w, https:\/\/www.scrubimed.sk\/wp-content\/uploads\/2021\/07\/il_1588xN.2867661436_aplj-1536x1156.jpg 1536w, https:\/\/www.scrubimed.sk\/wp-content\/uploads\/2021\/07\/il_1588xN.2867661436_aplj-510x384.jpg 510w, https:\/\/www.scrubimed.sk\/wp-content\/uploads\/2021\/07\/il_1588xN.2867661436_aplj-80x60.jpg 80w, https:\/\/www.scrubimed.sk\/wp-content\/uploads\/2021\/07\/il_1588xN.2867661436_aplj-120x90.jpg 120w\" sizes=\"(max-width: 1588px) 100vw, 1588px\" \/><\/p>\n","protected":false},"excerpt":{"rendered":"<p>&nbsp;<\/p>\n<ul>\n<li>Kvalitn\u00e1 a pohodln\u00e1 zdravotn\u00edcka obuv<\/li>\n<li>Obuv navrhnut\u00e1 s predpokladom pou\u017e\u00edvania po\u010das 12 hodinov\u00fdch smien<\/li>\n<li>Ultra\u013eahk\u00e1 ohybn\u00e1 podr\u00e1\u017eka pre pohodln\u00e9 nosenie a vy\u0161\u0161iu trv\u00e1cnos\u0165 top\u00e1nok<\/li>\n<li>Atrakt\u00edvny vzh\u013ead<\/li>\n<li>Ve\u013ekostn\u00e1 tabu\u013eka sa nch\u00e1dza ni\u017e\u0161ie<\/li>\n<\/ul>\n","protected":false},"featured_media":38182,"comment_status":"open","ping_status":"closed","template":"","meta":{"_mi_skip_tracking":false,"_monsterinsights_sitenote_active":false,"_monsterinsights_sitenote_note":"","_monsterinsights_sitenote_category":0,"spay_email":""},"product_cat":[1179],"product_tag":[],"_links":{"self":[{"href":"https:\/\/www.scrubimed.sk\/cs\/wp-json\/wp\/v2\/product\/38175"}],"collection":[{"href":"https:\/\/www.scrubimed.sk\/cs\/wp-json\/wp\/v2\/product"}],"about":[{"href":"https:\/\/www.scrubimed.sk\/cs\/wp-json\/wp\/v2\/types\/product"}],"replies":[{"embeddable":true,"href":"https:\/\/www.scrubimed.sk\/cs\/wp-json\/wp\/v2\/comments?post=38175"}],"wp:featuredmedia":[{"embeddable":true,"href":"https:\/\/www.scrubimed.sk\/cs\/wp-json\/wp\/v2\/media\/38182"}],"wp:attachment":[{"href":"https:\/\/www.scrubimed.sk\/cs\/wp-json\/wp\/v2\/media?parent=38175"}],"wp:term":[{"taxonomy":"product_cat","embeddable":true,"href":"https:\/\/www.scrubimed.sk\/cs\/wp-json\/wp\/v2\/product_cat?post=38175"},{"taxonomy":"product_tag","embeddable":true,"href":"https:\/\/www.scrubimed.sk\/cs\/wp-json\/wp\/v2\/product_tag?post=38175"}],"curies":[{"name":"wp","href":"https:\/\/api.w.org\/{rel}","templated":true}]}}