{"id":37955,"date":"2021-11-20T12:48:10","date_gmt":"2021-11-20T11:48:10","guid":{"rendered":"https:\/\/www.scrubimed.sk\/?post_type=product&#038;p=37955"},"modified":"2022-10-15T10:25:07","modified_gmt":"2022-10-15T08:25:07","slug":"air-max-ortopedicka-obuv-radiologia","status":"publish","type":"product","link":"https:\/\/www.scrubimed.sk\/cs\/produkt\/air-max-ortopedicka-obuv-radiologia\/","title":{"rendered":"AIR MAX &#8211; Ortopedick\u00e1 obuv &#8211; R\u00e1diol\u00f3gia"},"content":{"rendered":"<p><img class=\"alignnone size-full wp-image-32839\" src=\"https:\/\/www.scrubimed.sk\/wp-content\/uploads\/2021\/07\/il_794xN.2914850935_1itj.jpg\" alt=\"\" width=\"794\" height=\"1187\" srcset=\"https:\/\/www.scrubimed.sk\/wp-content\/uploads\/2021\/07\/il_794xN.2914850935_1itj.jpg 794w, https:\/\/www.scrubimed.sk\/wp-content\/uploads\/2021\/07\/il_794xN.2914850935_1itj-201x300.jpg 201w, https:\/\/www.scrubimed.sk\/wp-content\/uploads\/2021\/07\/il_794xN.2914850935_1itj-685x1024.jpg 685w, https:\/\/www.scrubimed.sk\/wp-content\/uploads\/2021\/07\/il_794xN.2914850935_1itj-768x1148.jpg 768w, https:\/\/www.scrubimed.sk\/wp-content\/uploads\/2021\/07\/il_794xN.2914850935_1itj-510x762.jpg 510w, https:\/\/www.scrubimed.sk\/wp-content\/uploads\/2021\/07\/il_794xN.2914850935_1itj-40x60.jpg 40w, https:\/\/www.scrubimed.sk\/wp-content\/uploads\/2021\/07\/il_794xN.2914850935_1itj-60x90.jpg 60w\" sizes=\"(max-width: 794px) 100vw, 794px\" \/> <img class=\"alignnone size-full wp-image-32836\" src=\"https:\/\/www.scrubimed.sk\/wp-content\/uploads\/2021\/07\/il_794xN.2897211077_qqdq.jpg\" alt=\"\" width=\"794\" height=\"597\" srcset=\"https:\/\/www.scrubimed.sk\/wp-content\/uploads\/2021\/07\/il_794xN.2897211077_qqdq.jpg 794w, https:\/\/www.scrubimed.sk\/wp-content\/uploads\/2021\/07\/il_794xN.2897211077_qqdq-300x226.jpg 300w, https:\/\/www.scrubimed.sk\/wp-content\/uploads\/2021\/07\/il_794xN.2897211077_qqdq-768x577.jpg 768w, https:\/\/www.scrubimed.sk\/wp-content\/uploads\/2021\/07\/il_794xN.2897211077_qqdq-510x383.jpg 510w, https:\/\/www.scrubimed.sk\/wp-content\/uploads\/2021\/07\/il_794xN.2897211077_qqdq-80x60.jpg 80w, https:\/\/www.scrubimed.sk\/wp-content\/uploads\/2021\/07\/il_794xN.2897211077_qqdq-120x90.jpg 120w\" sizes=\"(max-width: 794px) 100vw, 794px\" \/><\/p>\n","protected":false},"excerpt":{"rendered":"<ul>\n<li>Kvalitn\u00e1 a pohodln\u00e1 zdravotn\u00edcka obuv<\/li>\n<li>Obuv navrhnut\u00e1 s predpokladom pou\u017e\u00edvania po\u010das 12 hodinov\u00fdch smien<\/li>\n<li>Podr\u00e1\u017eka so vzdu\u0161n\u00fdm vakom zais\u0165uje tlmenie n\u00e1razov, \u010d\u00edm sa \u0161etria k\u013aby<\/li>\n<li>Atrakt\u00edvny vzh\u013ead<\/li>\n<li>Ve\u013ekostn\u00e1 tabu\u013eka sa nch\u00e1dza ni\u017e\u0161ie<\/li>\n<\/ul>\n","protected":false},"featured_media":38151,"comment_status":"open","ping_status":"closed","template":"","meta":{"_mi_skip_tracking":false,"_monsterinsights_sitenote_active":false,"_monsterinsights_sitenote_note":"","_monsterinsights_sitenote_category":0,"spay_email":""},"product_cat":[1179,1321],"product_tag":[],"_links":{"self":[{"href":"https:\/\/www.scrubimed.sk\/cs\/wp-json\/wp\/v2\/product\/37955"}],"collection":[{"href":"https:\/\/www.scrubimed.sk\/cs\/wp-json\/wp\/v2\/product"}],"about":[{"href":"https:\/\/www.scrubimed.sk\/cs\/wp-json\/wp\/v2\/types\/product"}],"replies":[{"embeddable":true,"href":"https:\/\/www.scrubimed.sk\/cs\/wp-json\/wp\/v2\/comments?post=37955"}],"wp:featuredmedia":[{"embeddable":true,"href":"https:\/\/www.scrubimed.sk\/cs\/wp-json\/wp\/v2\/media\/38151"}],"wp:attachment":[{"href":"https:\/\/www.scrubimed.sk\/cs\/wp-json\/wp\/v2\/media?parent=37955"}],"wp:term":[{"taxonomy":"product_cat","embeddable":true,"href":"https:\/\/www.scrubimed.sk\/cs\/wp-json\/wp\/v2\/product_cat?post=37955"},{"taxonomy":"product_tag","embeddable":true,"href":"https:\/\/www.scrubimed.sk\/cs\/wp-json\/wp\/v2\/product_tag?post=37955"}],"curies":[{"name":"wp","href":"https:\/\/api.w.org\/{rel}","templated":true}]}}