{"id":37156,"date":"2021-10-21T12:51:38","date_gmt":"2021-10-21T10:51:38","guid":{"rendered":"https:\/\/www.scrubimed.sk\/?post_type=product&#038;p=37156"},"modified":"2025-05-28T20:40:18","modified_gmt":"2025-05-28T18:40:18","slug":"mydielko-mozog","status":"publish","type":"product","link":"https:\/\/www.scrubimed.sk\/cs\/produkt\/mydielko-mozog\/","title":{"rendered":"Mydielko &#8211; Mozog"},"content":{"rendered":"<p>\u00da\u017easn\u00e9 mydielko v kr\u00e1snom tvare. Perfektne \u010dist\u00ed ruky, vyzer\u00e1 skvele. Je vhodn\u00e9 ako doplnok do ambulancie alebo dar\u010dek.<\/p>\n","protected":false},"excerpt":{"rendered":"<ul>\n<li>Mydlo na ruky<\/li>\n<li>Slovensk\u00e1 v\u00fdroba<\/li>\n<li>Kr\u00e1sna v\u00f4\u0148a<\/li>\n<li>Antibakteri\u00e1lne, antiseptick\u00e9<\/li>\n<\/ul>\n","protected":false},"featured_media":37151,"comment_status":"open","ping_status":"closed","template":"","meta":{"_mi_skip_tracking":false,"_monsterinsights_sitenote_active":false,"_monsterinsights_sitenote_note":"","_monsterinsights_sitenote_category":0,"spay_email":""},"product_cat":[1265,1323],"product_tag":[],"_links":{"self":[{"href":"https:\/\/www.scrubimed.sk\/cs\/wp-json\/wp\/v2\/product\/37156"}],"collection":[{"href":"https:\/\/www.scrubimed.sk\/cs\/wp-json\/wp\/v2\/product"}],"about":[{"href":"https:\/\/www.scrubimed.sk\/cs\/wp-json\/wp\/v2\/types\/product"}],"replies":[{"embeddable":true,"href":"https:\/\/www.scrubimed.sk\/cs\/wp-json\/wp\/v2\/comments?post=37156"}],"wp:featuredmedia":[{"embeddable":true,"href":"https:\/\/www.scrubimed.sk\/cs\/wp-json\/wp\/v2\/media\/37151"}],"wp:attachment":[{"href":"https:\/\/www.scrubimed.sk\/cs\/wp-json\/wp\/v2\/media?parent=37156"}],"wp:term":[{"taxonomy":"product_cat","embeddable":true,"href":"https:\/\/www.scrubimed.sk\/cs\/wp-json\/wp\/v2\/product_cat?post=37156"},{"taxonomy":"product_tag","embeddable":true,"href":"https:\/\/www.scrubimed.sk\/cs\/wp-json\/wp\/v2\/product_tag?post=37156"}],"curies":[{"name":"wp","href":"https:\/\/api.w.org\/{rel}","templated":true}]}}