{"id":36560,"date":"2021-10-06T14:25:39","date_gmt":"2021-10-06T12:25:39","guid":{"rendered":"https:\/\/www.scrubimed.sk\/?post_type=product&#038;p=36560"},"modified":"2021-10-06T14:32:30","modified_gmt":"2021-10-06T12:32:30","slug":"srdieckovy-vankus","status":"publish","type":"product","link":"https:\/\/www.scrubimed.sk\/cs\/produkt\/srdieckovy-vankus\/","title":{"rendered":"Srdie\u010dkov\u00fd vank\u00fa\u0161"},"content":{"rendered":"<p>Prit\u00fa\u013ete sa k svojmu nov\u00e9mu srdie\u010dku \ud83d\ude42<\/p>\n","protected":false},"excerpt":{"rendered":"<ul>\n<li>M\u00e4ku\u010dk\u00fd vank\u00fa\u0161ik<\/li>\n<li>Vyroben\u00e9 na \u00fazem\u00ed Slovenska<\/li>\n<li>50 x 45cm<\/li>\n<li>Do ob\u00fdva\u010dky, do detskej izby, do postielky alebo do sp\u00e1lne<\/li>\n<li>Relaxa\u010dn\u00fd v\u00fdbe\u017ekovit\u00fd dez\u00e9n<\/li>\n<li>Pou\u017eite\u013en\u00fd pri zdriemnut\u00ed ako vank\u00fa\u0161 pod hlavu alebo ply\u0161\u00e1\u010dik na prit\u00falenie sa<\/li>\n<li>Zlo\u017eenie: Polyester<\/li>\n<\/ul>\n","protected":false},"featured_media":36561,"comment_status":"open","ping_status":"closed","template":"","meta":{"_mi_skip_tracking":false,"_monsterinsights_sitenote_active":false,"_monsterinsights_sitenote_note":"","_monsterinsights_sitenote_category":0,"spay_email":""},"product_cat":[1265],"product_tag":[],"_links":{"self":[{"href":"https:\/\/www.scrubimed.sk\/cs\/wp-json\/wp\/v2\/product\/36560"}],"collection":[{"href":"https:\/\/www.scrubimed.sk\/cs\/wp-json\/wp\/v2\/product"}],"about":[{"href":"https:\/\/www.scrubimed.sk\/cs\/wp-json\/wp\/v2\/types\/product"}],"replies":[{"embeddable":true,"href":"https:\/\/www.scrubimed.sk\/cs\/wp-json\/wp\/v2\/comments?post=36560"}],"wp:featuredmedia":[{"embeddable":true,"href":"https:\/\/www.scrubimed.sk\/cs\/wp-json\/wp\/v2\/media\/36561"}],"wp:attachment":[{"href":"https:\/\/www.scrubimed.sk\/cs\/wp-json\/wp\/v2\/media?parent=36560"}],"wp:term":[{"taxonomy":"product_cat","embeddable":true,"href":"https:\/\/www.scrubimed.sk\/cs\/wp-json\/wp\/v2\/product_cat?post=36560"},{"taxonomy":"product_tag","embeddable":true,"href":"https:\/\/www.scrubimed.sk\/cs\/wp-json\/wp\/v2\/product_tag?post=36560"}],"curies":[{"name":"wp","href":"https:\/\/api.w.org\/{rel}","templated":true}]}}