{"id":35928,"date":"2021-09-22T12:22:20","date_gmt":"2021-09-22T10:22:20","guid":{"rendered":"https:\/\/www.scrubimed.sk\/?post_type=product&#038;p=35928"},"modified":"2021-11-09T07:50:38","modified_gmt":"2021-11-09T06:50:38","slug":"ponozky-injekcia","status":"publish","type":"product","link":"https:\/\/www.scrubimed.sk\/cs\/produkt\/ponozky-injekcia\/","title":{"rendered":"Pono\u017eky &#8211; Injekcia"},"content":{"rendered":"","protected":false},"excerpt":{"rendered":"<ul>\n<li>\u0160t\u00fdlov\u00e9 a pohodln\u00e9 pono\u017eky s medic\u00ednskou tematikou<\/li>\n<\/ul>\n","protected":false},"featured_media":35931,"comment_status":"open","ping_status":"closed","template":"","meta":{"_mi_skip_tracking":false,"_monsterinsights_sitenote_active":false,"_monsterinsights_sitenote_note":"","_monsterinsights_sitenote_category":0,"spay_email":""},"product_cat":[1265,1335,1357,1309,1319,1351],"product_tag":[],"_links":{"self":[{"href":"https:\/\/www.scrubimed.sk\/cs\/wp-json\/wp\/v2\/product\/35928"}],"collection":[{"href":"https:\/\/www.scrubimed.sk\/cs\/wp-json\/wp\/v2\/product"}],"about":[{"href":"https:\/\/www.scrubimed.sk\/cs\/wp-json\/wp\/v2\/types\/product"}],"replies":[{"embeddable":true,"href":"https:\/\/www.scrubimed.sk\/cs\/wp-json\/wp\/v2\/comments?post=35928"}],"wp:featuredmedia":[{"embeddable":true,"href":"https:\/\/www.scrubimed.sk\/cs\/wp-json\/wp\/v2\/media\/35931"}],"wp:attachment":[{"href":"https:\/\/www.scrubimed.sk\/cs\/wp-json\/wp\/v2\/media?parent=35928"}],"wp:term":[{"taxonomy":"product_cat","embeddable":true,"href":"https:\/\/www.scrubimed.sk\/cs\/wp-json\/wp\/v2\/product_cat?post=35928"},{"taxonomy":"product_tag","embeddable":true,"href":"https:\/\/www.scrubimed.sk\/cs\/wp-json\/wp\/v2\/product_tag?post=35928"}],"curies":[{"name":"wp","href":"https:\/\/api.w.org\/{rel}","templated":true}]}}