{"id":35899,"date":"2021-09-22T11:47:21","date_gmt":"2021-09-22T09:47:21","guid":{"rendered":"https:\/\/www.scrubimed.sk\/?post_type=product&#038;p=35899"},"modified":"2022-03-19T11:49:58","modified_gmt":"2022-03-19T10:49:58","slug":"pancuchove-nohavice-injekcia","status":"publish","type":"product","link":"https:\/\/www.scrubimed.sk\/cs\/produkt\/pancuchove-nohavice-injekcia\/","title":{"rendered":"Pan\u010duchov\u00e9 nohavice &#8211; Injekcia"},"content":{"rendered":"","protected":false},"excerpt":{"rendered":"<ul>\n<li>Kvalitn\u00e9 pan\u010duchov\u00e9 hohavice s medic\u00ednskou v\u00fd\u0161ivkou<\/li>\n<li>Ve\u013ekos\u0165 40-42 je na d\u013a\u017eku n\u00f4h 104-112 cm<\/li>\n<li>Ve\u013ekos\u0165 44-46 je na d\u013a\u017eku n\u00f4h 108-116 cm<\/li>\n<\/ul>\n","protected":false},"featured_media":35900,"comment_status":"open","ping_status":"closed","template":"","meta":{"_mi_skip_tracking":false,"_monsterinsights_sitenote_active":false,"_monsterinsights_sitenote_note":"","_monsterinsights_sitenote_category":0,"spay_email":""},"product_cat":[1341,1265,1335,1309,1319],"product_tag":[],"_links":{"self":[{"href":"https:\/\/www.scrubimed.sk\/cs\/wp-json\/wp\/v2\/product\/35899"}],"collection":[{"href":"https:\/\/www.scrubimed.sk\/cs\/wp-json\/wp\/v2\/product"}],"about":[{"href":"https:\/\/www.scrubimed.sk\/cs\/wp-json\/wp\/v2\/types\/product"}],"replies":[{"embeddable":true,"href":"https:\/\/www.scrubimed.sk\/cs\/wp-json\/wp\/v2\/comments?post=35899"}],"wp:featuredmedia":[{"embeddable":true,"href":"https:\/\/www.scrubimed.sk\/cs\/wp-json\/wp\/v2\/media\/35900"}],"wp:attachment":[{"href":"https:\/\/www.scrubimed.sk\/cs\/wp-json\/wp\/v2\/media?parent=35899"}],"wp:term":[{"taxonomy":"product_cat","embeddable":true,"href":"https:\/\/www.scrubimed.sk\/cs\/wp-json\/wp\/v2\/product_cat?post=35899"},{"taxonomy":"product_tag","embeddable":true,"href":"https:\/\/www.scrubimed.sk\/cs\/wp-json\/wp\/v2\/product_tag?post=35899"}],"curies":[{"name":"wp","href":"https:\/\/api.w.org\/{rel}","templated":true}]}}