{"id":34190,"date":"2021-08-23T14:16:43","date_gmt":"2021-08-24T09:05:22","guid":{"rendered":"https:\/\/www.scrubimed.sk\/produkt\/antibakterialni-chirurgicky-set\/"},"modified":"2021-08-24T11:05:31","modified_gmt":"2021-08-24T09:05:31","slug":"antibakterialnich-chirurgicky-set","status":"publish","type":"product","link":"https:\/\/www.scrubimed.sk\/cs\/produkt\/antibakterialnich-chirurgicky-set\/","title":{"rendered":"Antibakteri\u00e1ln\u00ed Chirurgick\u00fd set"},"content":{"rendered":"<p>Kvalitn\u00ed zdravotnick\u00e1 souprava slovensk\u00e9 v\u00fdroby. \u017d\u00e1dan\u00e9 oble\u010den\u00ed na odd\u011blen\u00edch, kde je nutn\u00e1 zv\u00fd\u0161en\u00e1 sterilita prost\u0159ed\u00ed. D\u00edky speci\u00e1ln\u00ed \u00faprav\u011b bavlny, ur\u010den\u00e9 pro medic\u00ednsk\u00e9 prost\u0159ed\u00ed, je mo\u017en\u00e9 tento od\u011bv pr\u00e1t na vy\u0161\u0161\u00edch teplot\u00e1ch.<\/p>\n<p>\u010cepice se uvazuje na zadn\u00ed stran\u011b hlavy. Rou\u0161ka je nagumi\u010dku. Ko\u0161ile m\u00e1 dv\u011b bo\u010dn\u00ed a jedna n\u00e1prsn\u00ed kapsa. Kalhoty jsou v pase na gumu a maj\u00ed dv\u011b bo\u010dn\u00ed a jedna zadn\u00ed kapsa.<\/p>\n","protected":false},"excerpt":{"rendered":"<ul>\n<li>Set sest\u00e1v\u00e1 z ko\u0161ile, kalhot, \u010depice a rou\u0161ky<\/li>\n<li>Lze pr\u00e1t na 90 \u00b0 C<\/li>\n<li>mo\u017en\u00e9 dezinfikovat<\/li>\n<li>Vyrobeno z bavlny, speci\u00e1ln\u011b upraven\u00e9 pro pot\u0159eby medic\u00ednsk\u00e9ho prost\u0159ed\u00ed<\/li>\n<\/ul>\n","protected":false},"featured_media":34170,"comment_status":"open","ping_status":"closed","template":"","meta":{"_mi_skip_tracking":false,"_monsterinsights_sitenote_active":false,"_monsterinsights_sitenote_note":"","_monsterinsights_sitenote_category":0,"spay_email":""},"product_cat":[744,731,734,733],"product_tag":[],"_links":{"self":[{"href":"https:\/\/www.scrubimed.sk\/cs\/wp-json\/wp\/v2\/product\/34190"}],"collection":[{"href":"https:\/\/www.scrubimed.sk\/cs\/wp-json\/wp\/v2\/product"}],"about":[{"href":"https:\/\/www.scrubimed.sk\/cs\/wp-json\/wp\/v2\/types\/product"}],"replies":[{"embeddable":true,"href":"https:\/\/www.scrubimed.sk\/cs\/wp-json\/wp\/v2\/comments?post=34190"}],"wp:featuredmedia":[{"embeddable":true,"href":"https:\/\/www.scrubimed.sk\/cs\/wp-json\/wp\/v2\/media\/34170"}],"wp:attachment":[{"href":"https:\/\/www.scrubimed.sk\/cs\/wp-json\/wp\/v2\/media?parent=34190"}],"wp:term":[{"taxonomy":"product_cat","embeddable":true,"href":"https:\/\/www.scrubimed.sk\/cs\/wp-json\/wp\/v2\/product_cat?post=34190"},{"taxonomy":"product_tag","embeddable":true,"href":"https:\/\/www.scrubimed.sk\/cs\/wp-json\/wp\/v2\/product_tag?post=34190"}],"curies":[{"name":"wp","href":"https:\/\/api.w.org\/{rel}","templated":true}]}}