{"id":33547,"date":"2021-08-02T10:08:02","date_gmt":"2021-08-02T08:08:04","guid":{"rendered":"https:\/\/www.scrubimed.sk\/?post_type=product&#038;p=33547"},"modified":"2021-08-24T11:09:29","modified_gmt":"2021-08-24T09:09:29","slug":"vesela-kosile-barevne-macky-2","status":"publish","type":"product","link":"https:\/\/www.scrubimed.sk\/cs\/produkt\/vesela-kosile-barevne-macky-2\/","title":{"rendered":"Vesel\u00e1 Ko\u0161ile &#8211; Barevn\u00e9 ko\u010dky"},"content":{"rendered":"<p><img class=\"alignnone wp-image-31339\" src=\"https:\/\/www.scrubimed.sk\/wp-content\/uploads\/2019\/10\/garancia-najnizssej-ceny.png\" sizes=\"(max-width: 160px) 100vw, 160px\" srcset=\"https:\/\/www.scrubimed.sk\/wp-content\/uploads\/2019\/10\/garancia-najnizssej-ceny.png 840w, https:\/\/www.scrubimed.sk\/wp-content\/uploads\/2019\/10\/garancia-najnizssej-ceny-286x300.png 286w, https:\/\/www.scrubimed.sk\/wp-content\/uploads\/2019\/10\/garancia-najnizssej-ceny-768x805.png 768w, https:\/\/www.scrubimed.sk\/wp-content\/uploads\/2019\/10\/garancia-najnizssej-ceny-510x534.png 510w, https:\/\/www.scrubimed.sk\/wp-content\/uploads\/2019\/10\/garancia-najnizssej-ceny-57x60.png 57w, https:\/\/www.scrubimed.sk\/wp-content\/uploads\/2019\/10\/garancia-najnizssej-ceny-86x90.png 86w\" alt=\"\" width=\"160\" height=\"167\"><img class=\"alignnone wp-image-31335\" src=\"https:\/\/www.scrubimed.sk\/wp-content\/uploads\/2019\/10\/100-original.png\" sizes=\"(max-width: 175px) 100vw, 175px\" srcset=\"https:\/\/www.scrubimed.sk\/wp-content\/uploads\/2019\/10\/100-original.png 820w, https:\/\/www.scrubimed.sk\/wp-content\/uploads\/2019\/10\/100-original-300x245.png 300w, https:\/\/www.scrubimed.sk\/wp-content\/uploads\/2019\/10\/100-original-768x627.png 768w, https:\/\/www.scrubimed.sk\/wp-content\/uploads\/2019\/10\/100-original-510x416.png 510w, https:\/\/www.scrubimed.sk\/wp-content\/uploads\/2019\/10\/100-original-74x60.png 74w, https:\/\/www.scrubimed.sk\/wp-content\/uploads\/2019\/10\/100-original-110x90.png 110w\" alt=\"\" width=\"175\" height=\"142\"><\/p>\n<p><img class=\"alignnone wp-image-31331\" src=\"https:\/\/www.scrubimed.sk\/wp-content\/uploads\/2019\/10\/unnamed-1.jpg\" sizes=\"(max-width: 219px) 100vw, 219px\" srcset=\"https:\/\/www.scrubimed.sk\/wp-content\/uploads\/2019\/10\/unnamed-1.jpg 512w, https:\/\/www.scrubimed.sk\/wp-content\/uploads\/2019\/10\/unnamed-1-300x64.jpg 300w, https:\/\/www.scrubimed.sk\/wp-content\/uploads\/2019\/10\/unnamed-1-510x110.jpg 510w, https:\/\/www.scrubimed.sk\/wp-content\/uploads\/2019\/10\/unnamed-1-190x41.jpg 190w, https:\/\/www.scrubimed.sk\/wp-content\/uploads\/2019\/10\/unnamed-1-419x90.jpg 419w\" alt=\"\" width=\"219\" height=\"47\"><\/p>\n<p>&nbsp;<\/p>\n<p>Origin\u00e1ln\u00ed zdravotnick\u00e1 ko\u0161ile vyrobena \u0161ikovn\u00fdmi Slovensk\u00fdmi rukama. Vzorovan\u00e9 oble\u010den\u00ed obecn\u011b vytv\u00e1\u0159\u00ed p\u0159\u00edjemnou atmosf\u00e9ru, kter\u00e1 zlep\u0161\u00ed n\u00e1ladu v\u00e1m, koleg\u016fm i pacient\u016fm.<\/p>\n<p>Ka\u017ed\u00fd vzor na\u0161ich od\u011bv\u016f nese specifickou emoci a vypr\u00e1v\u00ed o sv\u00e9m nostie\u013eovy jin\u00fd zaj\u00edmav\u00fd p\u0159\u00edb\u011bh.<\/p>\n<p>Pohodln\u00fd materi\u00e1l ocen\u00edte v l\u00e9t\u011b iv zim\u011b. Ko\u0161ile se d\u00e1 obl\u00e9ci rovnou na hol\u00e9 t\u011blo, p\u0159\u00edpadn\u011b si pod ni m\u016f\u017eete d\u00e1t tenk\u00e9 tri\u010dko \u010di t\u00edlko.<\/p>\n","protected":false},"excerpt":{"rendered":"<p>&nbsp;<\/p>\n<ul>\n<li>Vyrobeno v Slovensk\u00e9 chr\u00e1n\u011bn\u00fdch d\u00edln\u00e1ch<\/li>\n<li>Mo\u017enost koupit jako soupravu s \u010derven\u00fdmi bavln\u011bn\u00fdmi kalhotami<\/li>\n<li>100% bavlna<\/li>\n<li>P\u0159ed objedn\u00e1n\u00edm zkontrolujte velikostn\u00ed tabulku<\/li>\n<\/ul>\n","protected":false},"featured_media":33539,"comment_status":"open","ping_status":"closed","template":"","meta":{"_mi_skip_tracking":false,"_monsterinsights_sitenote_active":false,"_monsterinsights_sitenote_note":"","_monsterinsights_sitenote_category":0,"spay_email":""},"product_cat":[743,734,721,730,720],"product_tag":[],"_links":{"self":[{"href":"https:\/\/www.scrubimed.sk\/cs\/wp-json\/wp\/v2\/product\/33547"}],"collection":[{"href":"https:\/\/www.scrubimed.sk\/cs\/wp-json\/wp\/v2\/product"}],"about":[{"href":"https:\/\/www.scrubimed.sk\/cs\/wp-json\/wp\/v2\/types\/product"}],"replies":[{"embeddable":true,"href":"https:\/\/www.scrubimed.sk\/cs\/wp-json\/wp\/v2\/comments?post=33547"}],"wp:featuredmedia":[{"embeddable":true,"href":"https:\/\/www.scrubimed.sk\/cs\/wp-json\/wp\/v2\/media\/33539"}],"wp:attachment":[{"href":"https:\/\/www.scrubimed.sk\/cs\/wp-json\/wp\/v2\/media?parent=33547"}],"wp:term":[{"taxonomy":"product_cat","embeddable":true,"href":"https:\/\/www.scrubimed.sk\/cs\/wp-json\/wp\/v2\/product_cat?post=33547"},{"taxonomy":"product_tag","embeddable":true,"href":"https:\/\/www.scrubimed.sk\/cs\/wp-json\/wp\/v2\/product_tag?post=33547"}],"curies":[{"name":"wp","href":"https:\/\/api.w.org\/{rel}","templated":true}]}}