{"id":33228,"date":"2021-07-19T13:37:38","date_gmt":"2021-07-19T11:37:40","guid":{"rendered":"https:\/\/www.scrubimed.sk\/?post_type=product&#038;p=33228"},"modified":"2021-08-24T11:09:39","modified_gmt":"2021-08-24T09:09:39","slug":"zkracene-zdravotnicke-kalhoty-100-bavlna-kupi","status":"publish","type":"product","link":"https:\/\/www.scrubimed.sk\/cs\/produkt\/zkracene-zdravotnicke-kalhoty-100-bavlna-kupi\/","title":{"rendered":"Zdravotnick\u00e1 Sukn\u011b &#8211; 100% bavlna"},"content":{"rendered":"<p>o<\/p>\n","protected":false},"excerpt":{"rendered":"<ul>\n<li>Pohodln\u00e1 zdravotnick\u00e1 sukn\u011b<\/li>\n<li>bavln\u011bn\u00e9<\/li>\n<li>Dv\u011b bo\u010dn\u00ed a jednbo zadn\u00ed kapsa<\/li>\n<li>Ide\u00e1ln\u00ed do tepl\u00fdch m\u011bs\u00edc\u016f<\/li>\n<\/ul>\n","protected":false},"featured_media":33250,"comment_status":"open","ping_status":"closed","template":"","meta":{"_mi_skip_tracking":false,"_monsterinsights_sitenote_active":false,"_monsterinsights_sitenote_note":"","_monsterinsights_sitenote_category":0,"spay_email":""},"product_cat":[744,741,734,732],"product_tag":[],"_links":{"self":[{"href":"https:\/\/www.scrubimed.sk\/cs\/wp-json\/wp\/v2\/product\/33228"}],"collection":[{"href":"https:\/\/www.scrubimed.sk\/cs\/wp-json\/wp\/v2\/product"}],"about":[{"href":"https:\/\/www.scrubimed.sk\/cs\/wp-json\/wp\/v2\/types\/product"}],"replies":[{"embeddable":true,"href":"https:\/\/www.scrubimed.sk\/cs\/wp-json\/wp\/v2\/comments?post=33228"}],"wp:featuredmedia":[{"embeddable":true,"href":"https:\/\/www.scrubimed.sk\/cs\/wp-json\/wp\/v2\/media\/33250"}],"wp:attachment":[{"href":"https:\/\/www.scrubimed.sk\/cs\/wp-json\/wp\/v2\/media?parent=33228"}],"wp:term":[{"taxonomy":"product_cat","embeddable":true,"href":"https:\/\/www.scrubimed.sk\/cs\/wp-json\/wp\/v2\/product_cat?post=33228"},{"taxonomy":"product_tag","embeddable":true,"href":"https:\/\/www.scrubimed.sk\/cs\/wp-json\/wp\/v2\/product_tag?post=33228"}],"curies":[{"name":"wp","href":"https:\/\/api.w.org\/{rel}","templated":true}]}}