{"id":31166,"date":"2021-05-02T17:58:10","date_gmt":"2021-05-02T15:58:11","guid":{"rendered":"https:\/\/www.scrubimed.sk\/?post_type=product&#038;p=31166"},"modified":"2021-05-05T00:00:21","modified_gmt":"2021-05-04T22:00:21","slug":"vesela-kosile-nocne-vilky","status":"publish","type":"product","link":"https:\/\/www.scrubimed.sk\/cs\/produkt\/vesela-kosile-nocne-vilky\/","title":{"rendered":"Vesel\u00e1 Ko\u0161ile &#8211; No\u010dn\u00ed vilky"},"content":{"rendered":"<p>.<\/p>\n","protected":false},"excerpt":{"rendered":"<p>&nbsp;<\/p>\n<ul>\n<li>Vyrobeno v Slovensk\u00e9 chr\u00e1n\u011bn\u00fdch d\u00edln\u00e1ch<\/li>\n<li>100% bavlna<\/li>\n<li>Kvalitn\u00ed zdravotnick\u00e9 oble\u010den\u00ed<\/li>\n<li>P\u0159ed objedn\u00e1n\u00edm zkontrolujte velikostn\u00ed tabulku<\/li>\n<\/ul>\n","protected":false},"featured_media":31149,"comment_status":"open","ping_status":"closed","template":"","meta":{"_mi_skip_tracking":false,"_monsterinsights_sitenote_active":false,"_monsterinsights_sitenote_note":"","_monsterinsights_sitenote_category":0,"spay_email":""},"product_cat":[734,730],"product_tag":[],"_links":{"self":[{"href":"https:\/\/www.scrubimed.sk\/cs\/wp-json\/wp\/v2\/product\/31166"}],"collection":[{"href":"https:\/\/www.scrubimed.sk\/cs\/wp-json\/wp\/v2\/product"}],"about":[{"href":"https:\/\/www.scrubimed.sk\/cs\/wp-json\/wp\/v2\/types\/product"}],"replies":[{"embeddable":true,"href":"https:\/\/www.scrubimed.sk\/cs\/wp-json\/wp\/v2\/comments?post=31166"}],"wp:featuredmedia":[{"embeddable":true,"href":"https:\/\/www.scrubimed.sk\/cs\/wp-json\/wp\/v2\/media\/31149"}],"wp:attachment":[{"href":"https:\/\/www.scrubimed.sk\/cs\/wp-json\/wp\/v2\/media?parent=31166"}],"wp:term":[{"taxonomy":"product_cat","embeddable":true,"href":"https:\/\/www.scrubimed.sk\/cs\/wp-json\/wp\/v2\/product_cat?post=31166"},{"taxonomy":"product_tag","embeddable":true,"href":"https:\/\/www.scrubimed.sk\/cs\/wp-json\/wp\/v2\/product_tag?post=31166"}],"curies":[{"name":"wp","href":"https:\/\/api.w.org\/{rel}","templated":true}]}}