{"id":30310,"date":"2019-09-08T13:43:35","date_gmt":"2021-04-11T12:05:49","guid":{"rendered":"https:\/\/www.scrubimed.sk\/produkt\/chirurgicka-cepice-ruzne-vzory\/"},"modified":"2021-04-11T14:05:50","modified_gmt":"2021-04-11T12:05:50","slug":"chirurgicka-cepice-ruzne-vzory","status":"publish","type":"product","link":"https:\/\/www.scrubimed.sk\/cs\/produkt\/chirurgicka-cepice-ruzne-vzory\/","title":{"rendered":"Chirurgick\u00e1 \u010cepice &#8211; r\u016fzn\u00e9 vzory"},"content":{"rendered":"<p><img src=\"https:\/\/cdn.shopify.com\/s\/files\/1\/0070\/9997\/3687\/files\/najlepsia_cena_-_certifikat_vystaveny_2019_compact.png?v=1557225129\" alt=\"\"><\/p>\n<p><img src=\"https:\/\/cdn.shopify.com\/s\/files\/1\/0070\/9997\/3687\/files\/hviezdy_small.png?v=1556274512\" alt=\"\"><\/p>\n<p>Bavln\u011bn\u00e1 chirurgick\u00e1 \u010depice na \u0161\u0148\u016frku. Velmi p\u011bkn\u00e9 v\u00fdjime\u010dn\u00e9 vzory. Doporu\u010dujeme zkombinovat nap\u0159\u00edklad s na\u0161imi<a title=\"chirurgick\u00e1 ko\u0161ile\" href=\"https:\/\/scrubimed.com\/products\/zdravotnicke-oblecenie-chirurgicka-kosela\" target=\"_blank\" rel=\"noopener noreferrer\"> chirurgick\u00fdmi ko\u0161ilemi<\/a> .<\/p>\n","protected":false},"excerpt":{"rendered":"<p>Bavln\u011bn\u00e1 chirurgick\u00e1 \u010depice na \u0161\u0148\u016frku. Velmi p\u011bkn\u00e9 v\u00fdjime\u010dn\u00e9 vzory. Doporu\u010dujeme zkombinovat nap\u0159\u00edklad s na\u0161imi chirurgick\u00fdmi ko\u0161ilemi .<\/p>\n","protected":false},"featured_media":25882,"comment_status":"open","ping_status":"closed","template":"","meta":{"_mi_skip_tracking":false,"_monsterinsights_sitenote_active":false,"_monsterinsights_sitenote_note":"","_monsterinsights_sitenote_category":0,"spay_email":""},"product_cat":[728,730],"product_tag":[],"_links":{"self":[{"href":"https:\/\/www.scrubimed.sk\/cs\/wp-json\/wp\/v2\/product\/30310"}],"collection":[{"href":"https:\/\/www.scrubimed.sk\/cs\/wp-json\/wp\/v2\/product"}],"about":[{"href":"https:\/\/www.scrubimed.sk\/cs\/wp-json\/wp\/v2\/types\/product"}],"replies":[{"embeddable":true,"href":"https:\/\/www.scrubimed.sk\/cs\/wp-json\/wp\/v2\/comments?post=30310"}],"wp:featuredmedia":[{"embeddable":true,"href":"https:\/\/www.scrubimed.sk\/cs\/wp-json\/wp\/v2\/media\/25882"}],"wp:attachment":[{"href":"https:\/\/www.scrubimed.sk\/cs\/wp-json\/wp\/v2\/media?parent=30310"}],"wp:term":[{"taxonomy":"product_cat","embeddable":true,"href":"https:\/\/www.scrubimed.sk\/cs\/wp-json\/wp\/v2\/product_cat?post=30310"},{"taxonomy":"product_tag","embeddable":true,"href":"https:\/\/www.scrubimed.sk\/cs\/wp-json\/wp\/v2\/product_tag?post=30310"}],"curies":[{"name":"wp","href":"https:\/\/api.w.org\/{rel}","templated":true}]}}