{"id":30049,"date":"2019-09-29T15:24:54","date_gmt":"2021-04-11T12:03:58","guid":{"rendered":"https:\/\/www.scrubimed.sk\/produkt\/fleecova-vesta\/"},"modified":"2021-08-04T21:02:22","modified_gmt":"2021-08-04T19:02:22","slug":"fleecovy-vesta","status":"publish","type":"product","link":"https:\/\/www.scrubimed.sk\/cs\/produkt\/fleecovy-vesta\/","title":{"rendered":"fleecov\u00e1 Vesta"},"content":{"rendered":"<p>V polochladn\u00fdch dnech se hod\u00ed jako \u017e\u00e1dn\u00e1 jin\u00e1. Velmi pohodln\u011b se nos\u00ed, je stylov\u00e1 i praktick\u00e1.<\/p>\n<p>Velikost tohoto oble\u010den\u00ed je shodn\u00e1 s b\u011b\u017en\u00fdm evropsk\u00fdm \u010d\u00edslov\u00e1n\u00edm.<\/p>\n","protected":false},"excerpt":{"rendered":"<ul>\n<li>fleecov\u00e1 vesta<\/li>\n<li>pohodln\u00e9 no\u0161en\u00ed<\/li>\n<li>Oble\u010den\u00ed vhodn\u00e9 pro zdraotn\u00e9 sestry i doktor\u016f<\/li>\n<\/ul>\n","protected":false},"featured_media":25594,"comment_status":"open","ping_status":"closed","template":"","meta":{"_mi_skip_tracking":false,"_monsterinsights_sitenote_active":false,"_monsterinsights_sitenote_note":"","_monsterinsights_sitenote_category":0,"spay_email":""},"product_cat":[746],"product_tag":[],"_links":{"self":[{"href":"https:\/\/www.scrubimed.sk\/cs\/wp-json\/wp\/v2\/product\/30049"}],"collection":[{"href":"https:\/\/www.scrubimed.sk\/cs\/wp-json\/wp\/v2\/product"}],"about":[{"href":"https:\/\/www.scrubimed.sk\/cs\/wp-json\/wp\/v2\/types\/product"}],"replies":[{"embeddable":true,"href":"https:\/\/www.scrubimed.sk\/cs\/wp-json\/wp\/v2\/comments?post=30049"}],"wp:featuredmedia":[{"embeddable":true,"href":"https:\/\/www.scrubimed.sk\/cs\/wp-json\/wp\/v2\/media\/25594"}],"wp:attachment":[{"href":"https:\/\/www.scrubimed.sk\/cs\/wp-json\/wp\/v2\/media?parent=30049"}],"wp:term":[{"taxonomy":"product_cat","embeddable":true,"href":"https:\/\/www.scrubimed.sk\/cs\/wp-json\/wp\/v2\/product_cat?post=30049"},{"taxonomy":"product_tag","embeddable":true,"href":"https:\/\/www.scrubimed.sk\/cs\/wp-json\/wp\/v2\/product_tag?post=30049"}],"curies":[{"name":"wp","href":"https:\/\/api.w.org\/{rel}","templated":true}]}}