{"id":29853,"date":"2019-09-29T15:25:08","date_gmt":"2021-04-11T12:03:42","guid":{"rendered":"https:\/\/www.scrubimed.sk\/produkt\/fleecova-mikina\/"},"modified":"2021-04-11T14:03:46","modified_gmt":"2021-04-11T12:03:46","slug":"fleecova-mikina","status":"publish","type":"product","link":"https:\/\/www.scrubimed.sk\/cs\/produkt\/fleecova-mikina\/","title":{"rendered":"fleecov\u00e1 Mikina"},"content":{"rendered":"<p>V chladn\u00fdch dnech zah\u0159eje jako \u017e\u00e1dn\u00e1 jin\u00e1. Velmi pohodln\u011b se nos\u00ed, je stylov\u00e1 i praktick\u00e1.<\/p>\n<p>Velikost tohoto oble\u010den\u00ed je shodn\u00e1 s b\u011b\u017en\u00fdm evropsk\u00fdm \u010d\u00edslov\u00e1n\u00edm.<\/p>\n","protected":false},"excerpt":{"rendered":"<ul>\n<li>fleecov\u00e1 mikina<\/li>\n<li>2 kapsy na zip<\/li>\n<li>Gumi\u010dka na sta\u017een\u00ed v pase<\/li>\n<\/ul>\n","protected":false},"featured_media":25582,"comment_status":"open","ping_status":"closed","template":"","meta":{"_mi_skip_tracking":false,"_monsterinsights_sitenote_active":false,"_monsterinsights_sitenote_note":"","_monsterinsights_sitenote_category":0,"spay_email":""},"product_cat":[746],"product_tag":[],"_links":{"self":[{"href":"https:\/\/www.scrubimed.sk\/cs\/wp-json\/wp\/v2\/product\/29853"}],"collection":[{"href":"https:\/\/www.scrubimed.sk\/cs\/wp-json\/wp\/v2\/product"}],"about":[{"href":"https:\/\/www.scrubimed.sk\/cs\/wp-json\/wp\/v2\/types\/product"}],"replies":[{"embeddable":true,"href":"https:\/\/www.scrubimed.sk\/cs\/wp-json\/wp\/v2\/comments?post=29853"}],"wp:featuredmedia":[{"embeddable":true,"href":"https:\/\/www.scrubimed.sk\/cs\/wp-json\/wp\/v2\/media\/25582"}],"wp:attachment":[{"href":"https:\/\/www.scrubimed.sk\/cs\/wp-json\/wp\/v2\/media?parent=29853"}],"wp:term":[{"taxonomy":"product_cat","embeddable":true,"href":"https:\/\/www.scrubimed.sk\/cs\/wp-json\/wp\/v2\/product_cat?post=29853"},{"taxonomy":"product_tag","embeddable":true,"href":"https:\/\/www.scrubimed.sk\/cs\/wp-json\/wp\/v2\/product_tag?post=29853"}],"curies":[{"name":"wp","href":"https:\/\/api.w.org\/{rel}","templated":true}]}}