{"id":29658,"date":"2020-01-10T10:10:38","date_gmt":"2021-04-11T12:00:40","guid":{"rendered":"https:\/\/www.scrubimed.sk\/produkt\/vesela-kosile-souprava-blaznive-kocky\/"},"modified":"2023-10-06T08:59:01","modified_gmt":"2023-10-06T06:59:01","slug":"vesela-kosile-blaznive-macky","status":"publish","type":"product","link":"https:\/\/www.scrubimed.sk\/cs\/produkt\/vesela-kosile-blaznive-macky\/","title":{"rendered":"Vesel\u00e1 Ko\u0161ile \/ souprava &#8211; Bl\u00e1zniv\u00e9 Ko\u010dky"},"content":{"rendered":"<p><img src=\"https:\/\/cdn.shopify.com\/s\/files\/1\/0070\/9997\/3687\/files\/najlepsia_cena_-_certifikat_vystaveny_2019_compact.png?v=1557225129\" alt=\"\"><\/p>\n<p><img src=\"https:\/\/cdn.shopify.com\/s\/files\/1\/0070\/9997\/3687\/files\/hviezdy_small.png?v=1556274512\" alt=\"\"><\/p>\n<p>Kr\u00e1sn\u00e1 zdravotnick\u00e1 ko\u0161ile s Ko\u010di\u010dkov\u00e1 vzorem. Doporu\u010dujeme k n\u00ed nosit sv\u011btle r\u016f\u017eov\u00e9, b\u00edl\u00e9 nebo \u010dern\u00e9<a href=\"https:\/\/www.scrubimed.sk\/?product=nohavice-so-snurkou-a-gumicku\"> kalhoty<\/a> .<\/p>\n<p>Vzorovan\u00e9 oble\u010den\u00ed obecn\u011b rozz\u00e1\u0159\u00ed v\u00e1s i celkovou atmosf\u00e9ru na odd\u011blen\u00ed \u010di v ordinaci. T\u00edmto kouskem od\u011bvu, tak nepot\u011b\u0161\u00edte jen sebe ale i kolegy, ostatn\u00ed person\u00e1l a zejm\u00e9na pacient\u016f.<\/p>\n<p>Velmi p\u0159\u00edjemn\u00fd materi\u00e1l, kter\u00fd ocen\u00edte v l\u00e9t\u011b iv zim\u011b. B\u011bhem pran\u00ed nebarv\u00ed ostatn\u00ed oble\u010den\u00ed. Doporu\u010dujeme pr\u00e1t na 60 stupn\u00edch.<\/p>\n<p><strong>P\u0159ed objedn\u00e1n\u00edm pros\u00edm zkontrolujte velikostn\u00ed tabulku<\/strong><\/p>\n<p><img class=\"alignnone size-full wp-image-14816\" src=\"https:\/\/www.scrubimed.sk\/wp-content\/uploads\/2020\/04\/Sn%C3%ADmka-obrazovky-2020-05-01-o-11.36.49.png\" alt=\"\" width=\"622\" height=\"895\"><img class=\"alignnone size-full wp-image-15185\" src=\"https:\/\/www.scrubimed.sk\/wp-content\/uploads\/2019\/09\/Sn%C3%ADmka-obrazovky-2020-05-01-o-11.36.49.png\" alt=\"\" width=\"622\" height=\"895\"><\/p>\n","protected":false},"excerpt":{"rendered":"<p>&nbsp;<\/p>\n<ul>\n<li>Vyrobeno v Slovensk\u00e9 chr\u00e1n\u011bn\u00fdch d\u00edln\u00e1ch<\/li>\n<li>100% bavlna<\/li>\n<li>P\u0159ed objedn\u00e1n\u00edm zkontrolujte velikostn\u00ed tabulku<\/li>\n<\/ul>\n","protected":false},"featured_media":26212,"comment_status":"open","ping_status":"closed","template":"","meta":{"_mi_skip_tracking":false,"_monsterinsights_sitenote_active":false,"_monsterinsights_sitenote_note":"","_monsterinsights_sitenote_category":0,"spay_email":""},"product_cat":[743,734,722,730],"product_tag":[],"_links":{"self":[{"href":"https:\/\/www.scrubimed.sk\/cs\/wp-json\/wp\/v2\/product\/29658"}],"collection":[{"href":"https:\/\/www.scrubimed.sk\/cs\/wp-json\/wp\/v2\/product"}],"about":[{"href":"https:\/\/www.scrubimed.sk\/cs\/wp-json\/wp\/v2\/types\/product"}],"replies":[{"embeddable":true,"href":"https:\/\/www.scrubimed.sk\/cs\/wp-json\/wp\/v2\/comments?post=29658"}],"wp:featuredmedia":[{"embeddable":true,"href":"https:\/\/www.scrubimed.sk\/cs\/wp-json\/wp\/v2\/media\/26212"}],"wp:attachment":[{"href":"https:\/\/www.scrubimed.sk\/cs\/wp-json\/wp\/v2\/media?parent=29658"}],"wp:term":[{"taxonomy":"product_cat","embeddable":true,"href":"https:\/\/www.scrubimed.sk\/cs\/wp-json\/wp\/v2\/product_cat?post=29658"},{"taxonomy":"product_tag","embeddable":true,"href":"https:\/\/www.scrubimed.sk\/cs\/wp-json\/wp\/v2\/product_tag?post=29658"}],"curies":[{"name":"wp","href":"https:\/\/api.w.org\/{rel}","templated":true}]}}