{"id":29622,"date":"2020-03-12T11:12:34","date_gmt":"2021-04-11T12:00:10","guid":{"rendered":"https:\/\/www.scrubimed.sk\/produkt\/ekologicke-nerezove-slamky-na-piti-5ks\/"},"modified":"2021-04-11T14:00:12","modified_gmt":"2021-04-11T12:00:12","slug":"nerezove-ekologicke-slamky","status":"publish","type":"product","link":"https:\/\/www.scrubimed.sk\/cs\/produkt\/nerezove-ekologicke-slamky\/","title":{"rendered":"Ekologick\u00e9 nerezov\u00e9 slamky na pit\u00ed &#8211; 5ks"},"content":{"rendered":"","protected":false},"excerpt":{"rendered":"<p>Nerezov\u00e9 br\u010dka, kter\u00e9 vypadaj\u00ed \u00fa\u017easn\u011b a daj\u00ed se pou\u017e\u00edvat opakovan\u011b \u010d\u00edm\u017e \u0161et\u0159\u00ed \u017eivotn\u00ed prost\u0159ed\u00ed.<\/p>\n<p>Obsah balen\u00ed:<\/p>\n<p>1ks 215 * 6mm zahnut\u00e1 nerezov\u00e1 st\u0159\u00edbrn\u00e1 sl\u00e1mka<\/p>\n<p>2ks 215 * 6mm rovn\u00e1 nerezov\u00e1 st\u0159\u00edbrn\u00e1 sl\u00e1mka<\/p>\n<p>2ks 215 * 8mm rovn\u00e1 nerezov\u00e1 st\u0159\u00edbrn\u00e1 sl\u00e1mka<\/p>\n<p>1ks \u010dist\u00edc\u00ed kart\u00e1\u010dek<\/p>\n","protected":false},"featured_media":25780,"comment_status":"open","ping_status":"closed","template":"","meta":{"_mi_skip_tracking":false,"_monsterinsights_sitenote_active":false,"_monsterinsights_sitenote_note":"","_monsterinsights_sitenote_category":0,"spay_email":""},"product_cat":[740],"product_tag":[],"_links":{"self":[{"href":"https:\/\/www.scrubimed.sk\/cs\/wp-json\/wp\/v2\/product\/29622"}],"collection":[{"href":"https:\/\/www.scrubimed.sk\/cs\/wp-json\/wp\/v2\/product"}],"about":[{"href":"https:\/\/www.scrubimed.sk\/cs\/wp-json\/wp\/v2\/types\/product"}],"replies":[{"embeddable":true,"href":"https:\/\/www.scrubimed.sk\/cs\/wp-json\/wp\/v2\/comments?post=29622"}],"wp:featuredmedia":[{"embeddable":true,"href":"https:\/\/www.scrubimed.sk\/cs\/wp-json\/wp\/v2\/media\/25780"}],"wp:attachment":[{"href":"https:\/\/www.scrubimed.sk\/cs\/wp-json\/wp\/v2\/media?parent=29622"}],"wp:term":[{"taxonomy":"product_cat","embeddable":true,"href":"https:\/\/www.scrubimed.sk\/cs\/wp-json\/wp\/v2\/product_cat?post=29622"},{"taxonomy":"product_tag","embeddable":true,"href":"https:\/\/www.scrubimed.sk\/cs\/wp-json\/wp\/v2\/product_tag?post=29622"}],"curies":[{"name":"wp","href":"https:\/\/api.w.org\/{rel}","templated":true}]}}