{"id":29609,"date":"2020-03-12T11:32:02","date_gmt":"2021-04-11T11:59:33","guid":{"rendered":"https:\/\/www.scrubimed.sk\/produkt\/ekologicke-rozlozitelne-slamky-na-piti-100ks\/"},"modified":"2021-04-11T13:59:33","modified_gmt":"2021-04-11T11:59:33","slug":"ekologicke-rozlozitelne-brcka-na-piti-100ks","status":"publish","type":"product","link":"https:\/\/www.scrubimed.sk\/cs\/produkt\/ekologicke-rozlozitelne-brcka-na-piti-100ks\/","title":{"rendered":"Ekologick\u00e9 rozlo\u017eiteln\u00e9 slamky na pit\u00ed &#8211; 100ks"},"content":{"rendered":"","protected":false},"excerpt":{"rendered":"<p>100% bio sl\u00e1mky vyroben\u00e9 z materi\u00e1lu PLA. Tyto sl\u00e1mky se vyr\u00e1b\u011bj\u00ed z rostlinn\u00e9ho \u0161krobu. Sl\u00e1mka se ve sklenici chov\u00e1 podobn\u011b jako plastikov\u00ed p\u0159edch\u016fdci. Av\u0161ak v p\u0159\u00edrod\u011b se rozlo\u017e\u00ed za 6 m\u011bs\u00edc\u016f na rozd\u00edl od plast\u016f kter\u00e9 se rozkl\u00e1daj\u00ed 4000 let.<\/p>\n<ul>\n<li>100% bio<\/li>\n<li>Nez\u00e1vadn\u00e9 k \u017eivotn\u00edmu prost\u0159ed\u00ed<\/li>\n<li>biologicky odbourateln\u00e9<\/li>\n<li>Na jedno pou\u017eit\u00ed<\/li>\n<li>200 * 7mm<\/li>\n<li>b\u00edl\u00e1 barva<\/li>\n<li>1 balen\u00ed = 100ks<\/li>\n<\/ul>\n","protected":false},"featured_media":25783,"comment_status":"open","ping_status":"closed","template":"","meta":{"_mi_skip_tracking":false,"_monsterinsights_sitenote_active":false,"_monsterinsights_sitenote_note":"","_monsterinsights_sitenote_category":0,"spay_email":""},"product_cat":[740],"product_tag":[],"_links":{"self":[{"href":"https:\/\/www.scrubimed.sk\/cs\/wp-json\/wp\/v2\/product\/29609"}],"collection":[{"href":"https:\/\/www.scrubimed.sk\/cs\/wp-json\/wp\/v2\/product"}],"about":[{"href":"https:\/\/www.scrubimed.sk\/cs\/wp-json\/wp\/v2\/types\/product"}],"replies":[{"embeddable":true,"href":"https:\/\/www.scrubimed.sk\/cs\/wp-json\/wp\/v2\/comments?post=29609"}],"wp:featuredmedia":[{"embeddable":true,"href":"https:\/\/www.scrubimed.sk\/cs\/wp-json\/wp\/v2\/media\/25783"}],"wp:attachment":[{"href":"https:\/\/www.scrubimed.sk\/cs\/wp-json\/wp\/v2\/media?parent=29609"}],"wp:term":[{"taxonomy":"product_cat","embeddable":true,"href":"https:\/\/www.scrubimed.sk\/cs\/wp-json\/wp\/v2\/product_cat?post=29609"},{"taxonomy":"product_tag","embeddable":true,"href":"https:\/\/www.scrubimed.sk\/cs\/wp-json\/wp\/v2\/product_tag?post=29609"}],"curies":[{"name":"wp","href":"https:\/\/api.w.org\/{rel}","templated":true}]}}