{"id":29589,"date":"2020-04-09T10:31:02","date_gmt":"2021-04-11T11:59:03","guid":{"rendered":"https:\/\/www.scrubimed.sk\/produkt\/balicek-proti-korone\/"},"modified":"2021-04-11T13:59:03","modified_gmt":"2021-04-11T11:59:03","slug":"balicek-proti-kurou","status":"publish","type":"product","link":"https:\/\/www.scrubimed.sk\/cs\/produkt\/balicek-proti-kurou\/","title":{"rendered":"Bal\u00ed\u010dek proti koron\u011b"},"content":{"rendered":"<p>rou\u0161ka:<\/p>\n<p>Ochrann\u00e9 rou\u0161ku na \u00fasta a nos, slou\u017e\u00edc\u00ed jako prevence proti virov\u00fdm onemocn\u011bn\u00edm. Vyrobeno ze 100% bavlny. Dvouvrstv\u00e9. Pohodln\u00e9 no\u0161en\u00ed a vysok\u00e1 \u00fa\u010dinnost. Vhodn\u00e9 na ka\u017ed\u00fd tvar hlavy. Obl\u00edben\u00e9 na v\u0161ech nemocni\u010dn\u00edch odd\u011blen\u00edch iv dom\u00e1cnostech. Mo\u017en\u00e9 pr\u00e1t v pra\u010dce na 60 stupn\u00edch.<\/p>\n<p>Rou\u0161ka doporu\u010dujeme vyprat po ka\u017ed\u00e9m pou\u017eit\u00ed a po vysu\u0161en\u00ed vy\u017eehlit \u017eehli\u010dkou oh\u0159\u00e1tou alespo\u0148 na 200 stup\u0148\u016f. Tak zabez\u010d\u00edte sterilitu rou\u0161ky. V ojedin\u011bl\u00fdch p\u0159\u00edpadech u\u017eivatel\u00e9 vyvarovat rou\u0161ku ve vod\u011b pro maxim\u00e1ln\u00ed jistotu \u017ee se na rou\u0161ku nevyskytuje \u017e\u00e1dn\u00fd mikroorganismus.<\/p>\n<p>Pokud opou\u0161t\u00edte domov v\u00edce kr\u00e1t za den, je vhodn\u00e9 vlastnit minim\u00e1ln\u011b dv\u011b rou\u0161ky, abyste m\u011bli jedno v\u017edy such\u00e9 a vy\u017eehlen\u00e9 a druh\u00e9 v pra\u010dce.<\/p>\n<p>V souvislosti se situac\u00ed na Slovensku a ve sv\u011bt\u011b (s ohledem na COVID 19) a vzhledem k povaze tohoto produktu bohu\u017eel nem\u016f\u017eeme akceptovat reklamaci rou\u0161ek. Na\u0159\u00edzen\u00ed je d\u00e1no z d\u016fvodu zamezen\u00ed \u0161\u00ed\u0159en\u00ed viru. Pros\u00edme, dbejte na tuto skute\u010dnost p\u0159i vytv\u00e1\u0159en\u00ed objedn\u00e1vky.<\/p>\n<p>Dezinfekce:<\/p>\n<ul>\n<li>Vhodn\u00e9 pro ka\u017edodenn\u00ed pou\u017eit\u00ed<\/li>\n<li>Ni\u010d\u00ed 99,9% vir\u016f a bakteri\u00ed<\/li>\n<li>Nej\u00fa\u010dinn\u011bj\u0161\u00ed p\u0159\u00edpravek ve sv\u00e9m segmentu<\/li>\n<\/ul>\n<p>Alkoholov\u00e1 dezinfekce: univerz\u00e1ln\u00ed tekut\u00fd p\u0159\u00edpravek na b\u00e1zi alkoholu, ur\u010den\u00fd pro rychl\u00e9 a bezpe\u010dn\u00e9 \u010di\u0161t\u011bn\u00ed. Obsahuje \u00fa\u010dinn\u00e9 l\u00e1tky ETANOL (min. 80% v \/ v), Ajatin a glycerin.<\/p>\n<p>Na boj proti vir\u016fm mus\u00ed obsahovat dezinfek\u010dn\u00ed p\u0159\u00edpravek etanol. Spektrum VIRUCIDN\u00cd aktivity 80% etanolu pokr\u00fdv\u00e1 nejv\u00edce klinicky relevantn\u00ed viry.<\/p>\n<p>P\u0159\u00edpravek naneste a nechte p\u016fsobit po dobu minim\u00e1ln\u011b 30 sekund. Je vhodn\u00fd pro \u010di\u0161t\u011bn\u00ed rukou bez vody a m\u00fddla. Vhodn\u00e1 na povrchy kliky, stoly<\/p>\n<p>Slo\u017een\u00ed: ethanol (80%), Ajatin, glycerin<\/p>\n<p>Vzhled: \u010dir\u00e1 bezbarv\u00e1 kapalina<\/p>\n<p><strong>Bezpe\u010dnostn\u00ed upozorn\u011bn\u00ed:<\/strong><\/p>\n<ul>\n<li>Skladujte na such\u00e9m m\u00edst\u011b p\u0159i teplot\u011b 5-25<span class=\"st\"> \u00b0<\/span> C<\/li>\n<li>Chra\u0148te p\u0159ed p\u0159\u00edm\u00fdm slune\u010dn\u00edm z\u00e1\u0159en\u00edm a mrazem<\/li>\n<li>Ho\u0159lav\u00e1 kapalina a p\u00e1ry<\/li>\n<li>Uchov\u00e1vejtemimodosahd\u011bt\u00ed<\/li>\n<li>Po pou\u017eit\u00ed vypl\u00e1chn\u011bte \u00fasta. Nevyvol\u00e1vejte zvracen\u00ed.<\/li>\n<li>Po zasa\u017een\u00ed o\u010d\u00ed n\u011bkolik minut opatrn\u011b vyplachujte vodou.<\/li>\n<li>Pokud pou\u017e\u00edv\u00e1te kontaktn\u00ed \u010do\u010dky a je to mo\u017en\u00e9, odstra\u0148te je a pokra\u010dujte ve vyplachov\u00e1n\u00ed.<\/li>\n<\/ul>\n","protected":false},"excerpt":{"rendered":"<p>Chra\u0148te sebe i sv\u00e9 bl\u00edzk\u00e9.<\/p>\n<p>Bavln\u011bn\u00e9 rou\u0161ka + 50ml dezinfekce na b\u00e1zi alkoholu<\/p>\n<p>V bal\u00ed\u010dku najdete kvalitn\u00ed rou\u0161ku vyroben\u00e9 ze dvou vrstev bavlny. Odborn\u00edci se shoduj\u00ed, \u017ee takov\u00e9 rou\u0161ku poskytuje vysok\u00fd stupe\u0148 ocrany d\u00fdchac\u00edch cest p\u0159ed vniknut\u00edm vir\u016f a bakteri\u00ed, kter\u00e9 by mohly po\u0161kodit lidsk\u00fd organismus. Z\u00e1rove\u0148 je toto rou\u0161ku ide\u00e1ln\u00edm \u0159e\u0161en\u00edm pro lidi, kte\u0159\u00ed jsou virem napadeni a cht\u011bj\u00ed chr\u00e1nit ostatn\u00ed p\u0159ed p\u0159enesen\u00edm onemocn\u011bn\u00ed kap\u00e9nkovou infekc\u00ed.<\/p>\n<p>Sou\u010d\u00e1st\u00ed balen\u00ed je tak\u00e9 50ml dezinfekce na b\u00e1zi ethanolu (80%). Takov\u00e1 dezinfekce se pou\u017e\u00edv\u00e1 na m\u00edstech, kde je pot\u0159eba \u00dadra\u017e nejvy\u0161\u0161\u00ed stupe\u0148 hygieny a sterility &#8211; nap\u0159\u00edklad v nemocnic\u00edch. Dezinfekci lze pou\u017e\u00edt na ruce ale tak\u00e9 na v\u0161echny b\u011b\u017en\u011b pou\u017e\u00edvan\u00e9 p\u0159edm\u011bty a materi\u00e1ly jako nap\u0159\u00edklad povrch mobiln\u00edho telefonu, bankovky, mince, palubn\u00ed desku v aut\u011b &#8230; Balen\u00e9 v plastov\u00e9 lahvi\u010dce s rozpra\u0161ova\u010dem.<\/p>\n","protected":false},"featured_media":25921,"comment_status":"open","ping_status":"closed","template":"","meta":{"_mi_skip_tracking":false,"_monsterinsights_sitenote_active":false,"_monsterinsights_sitenote_note":"","_monsterinsights_sitenote_category":0,"spay_email":""},"product_cat":[745,740,736],"product_tag":[],"_links":{"self":[{"href":"https:\/\/www.scrubimed.sk\/cs\/wp-json\/wp\/v2\/product\/29589"}],"collection":[{"href":"https:\/\/www.scrubimed.sk\/cs\/wp-json\/wp\/v2\/product"}],"about":[{"href":"https:\/\/www.scrubimed.sk\/cs\/wp-json\/wp\/v2\/types\/product"}],"replies":[{"embeddable":true,"href":"https:\/\/www.scrubimed.sk\/cs\/wp-json\/wp\/v2\/comments?post=29589"}],"wp:featuredmedia":[{"embeddable":true,"href":"https:\/\/www.scrubimed.sk\/cs\/wp-json\/wp\/v2\/media\/25921"}],"wp:attachment":[{"href":"https:\/\/www.scrubimed.sk\/cs\/wp-json\/wp\/v2\/media?parent=29589"}],"wp:term":[{"taxonomy":"product_cat","embeddable":true,"href":"https:\/\/www.scrubimed.sk\/cs\/wp-json\/wp\/v2\/product_cat?post=29589"},{"taxonomy":"product_tag","embeddable":true,"href":"https:\/\/www.scrubimed.sk\/cs\/wp-json\/wp\/v2\/product_tag?post=29589"}],"curies":[{"name":"wp","href":"https:\/\/api.w.org\/{rel}","templated":true}]}}