{"id":29536,"date":"2020-04-18T18:50:26","date_gmt":"2021-04-11T11:56:16","guid":{"rendered":"https:\/\/www.scrubimed.sk\/produkt\/vesela-kosile-zelena-supernova\/"},"modified":"2021-04-11T13:56:17","modified_gmt":"2021-04-11T11:56:17","slug":"vesela-kosile-zelena-supernova-s-ruskem","status":"publish","type":"product","link":"https:\/\/www.scrubimed.sk\/cs\/produkt\/vesela-kosile-zelena-supernova-s-ruskem\/","title":{"rendered":"Vesel\u00e1 Ko\u0161ile &#8211; Zelen\u00e1 supernova"},"content":{"rendered":"<p><img src=\"https:\/\/cdn.shopify.com\/s\/files\/1\/0070\/9997\/3687\/files\/najlepsia_cena_-_certifikat_vystaveny_2019_compact.png?v=1557225129\" alt=\"\"><\/p>\n<p><img src=\"https:\/\/cdn.shopify.com\/s\/files\/1\/0070\/9997\/3687\/files\/hviezdy_small.png?v=1556274512\" alt=\"\"><\/p>\n<p>Vzorovan\u00e1 ko\u0161ile s kr\u00e1sn\u00fdm vzorem zelen\u00fdch troj\u00faheln\u00edk\u016f.<\/p>\n<p>Vzorovan\u00e9 oble\u010den\u00ed obecn\u011b rozz\u00e1\u0159\u00ed v\u00e1s i celkovou atmosf\u00e9ru na odd\u011blen\u00ed \u010di v ordinaci. T\u00edmto kouskem od\u011bvu, tak nepot\u011b\u0161\u00edte jen sebe ale i kolegy, ostatn\u00ed person\u00e1l a zejm\u00e9na pacient\u016f.<\/p>\n<p>P\u0159\u00edjemn\u00fd materi\u00e1l vhodn\u00fd na l\u00e9to i zimu. B\u011bhem pran\u00ed nebarv\u00ed ostatn\u00ed oble\u010den\u00ed. Doporu\u010dujeme pr\u00e1t na 60 stupn\u00edch.<\/p>\n<p><strong>P\u0159ed objedn\u00e1n\u00edm pros\u00edm zkontrolujte velikostn\u00ed tabulku<\/strong><\/p>\n<p><img class=\"alignnone size-medium wp-image-21518\" src=\"https:\/\/www.scrubimed.sk\/wp-content\/uploads\/2020\/12\/ve%C4%BEkostn%C3%A1-tabu%C4%BEka-scrubimed-280x300.png\" alt=\"\" width=\"280\" height=\"300\"><img class=\"alignnone size-medium wp-image-21518\" src=\"https:\/\/www.scrubimed.sk\/wp-content\/uploads\/2020\/12\/ve%C4%BEkostn%C3%A1-tabu%C4%BEka-scrubimed-280x300.png\" alt=\"\" width=\"280\" height=\"300\"><\/p>\n","protected":false},"excerpt":{"rendered":"<ul>\n<li>zdravotnick\u00e1 ko\u0161ile<\/li>\n<li>100% bavlna<\/li>\n<li>Vyr\u00e1b\u011bn\u00e1 v Slovensk\u00e9 chr\u00e1n\u011bn\u00fdch d\u00edln\u00e1ch<\/li>\n<li>P\u0159ed objedn\u00e1n\u00edm zkontrolujte velikostn\u00ed tabulku<\/li>\n<\/ul>\n","protected":false},"featured_media":25897,"comment_status":"open","ping_status":"closed","template":"","meta":{"_mi_skip_tracking":false,"_monsterinsights_sitenote_active":false,"_monsterinsights_sitenote_note":"","_monsterinsights_sitenote_category":0,"spay_email":""},"product_cat":[734,721,730,720],"product_tag":[],"_links":{"self":[{"href":"https:\/\/www.scrubimed.sk\/cs\/wp-json\/wp\/v2\/product\/29536"}],"collection":[{"href":"https:\/\/www.scrubimed.sk\/cs\/wp-json\/wp\/v2\/product"}],"about":[{"href":"https:\/\/www.scrubimed.sk\/cs\/wp-json\/wp\/v2\/types\/product"}],"replies":[{"embeddable":true,"href":"https:\/\/www.scrubimed.sk\/cs\/wp-json\/wp\/v2\/comments?post=29536"}],"wp:featuredmedia":[{"embeddable":true,"href":"https:\/\/www.scrubimed.sk\/cs\/wp-json\/wp\/v2\/media\/25897"}],"wp:attachment":[{"href":"https:\/\/www.scrubimed.sk\/cs\/wp-json\/wp\/v2\/media?parent=29536"}],"wp:term":[{"taxonomy":"product_cat","embeddable":true,"href":"https:\/\/www.scrubimed.sk\/cs\/wp-json\/wp\/v2\/product_cat?post=29536"},{"taxonomy":"product_tag","embeddable":true,"href":"https:\/\/www.scrubimed.sk\/cs\/wp-json\/wp\/v2\/product_tag?post=29536"}],"curies":[{"name":"wp","href":"https:\/\/api.w.org\/{rel}","templated":true}]}}