{"id":29158,"date":"2020-07-28T09:25:41","date_gmt":"2021-04-10T20:19:00","guid":{"rendered":"https:\/\/www.scrubimed.sk\/produkt\/knoflikova-bambino-halenka-motyli\/"},"modified":"2021-04-10T22:19:02","modified_gmt":"2021-04-10T20:19:02","slug":"knoflikove-bambino-halenka-motyle","status":"publish","type":"product","link":"https:\/\/www.scrubimed.sk\/cs\/produkt\/knoflikove-bambino-halenka-motyle\/","title":{"rendered":"Knofl\u00edkov\u00e1 Bambino Halenka &#8211; Mot\u00fdli"},"content":{"rendered":"<p><img src=\"https:\/\/cdn.shopify.com\/s\/files\/1\/0070\/9997\/3687\/files\/najlepsia_cena_-_certifikat_vystaveny_2019_compact.png?v=1557225129\" alt=\"\"><\/p>\n<p><img src=\"https:\/\/cdn.shopify.com\/s\/files\/1\/0070\/9997\/3687\/files\/hviezdy_small.png?v=1556274512\" alt=\"\"><\/p>\n<p>Vzorovan\u00e1 ko\u0161ile se vzorem v\u00e1\u017eiek. V\u00fdborn\u011b se k n\u00ed hod\u00ed nap\u0159\u00edklad b\u00edl\u00e9 nebo modr\u00e9<a href=\"https:\/\/www.scrubimed.sk\/kategoria-produktu\/nohavice\"> kalhoty<\/a> .<\/p>\n<p>Vzorovan\u00e9 oble\u010den\u00ed obecn\u011b rozz\u00e1\u0159\u00ed v\u00e1s i celkovou atmosf\u00e9ru na odd\u011blen\u00ed \u010di v ordinaci. T\u00edmto kouskem od\u011bvu, tak nepot\u011b\u0161\u00edte jen sebe ale i kolegy, ostatn\u00ed person\u00e1l a zejm\u00e9na pacient\u016f.<\/p>\n<p>P\u0159\u00edjemn\u00fd materi\u00e1l vhodn\u00fd na l\u00e9to i zimu. B\u011bhem pran\u00ed nebarv\u00ed ostatn\u00ed oble\u010den\u00ed. Doporu\u010dujeme pr\u00e1t na 60 stupn\u00edch.<\/p>\n<p><strong>P\u0159ed objedn\u00e1n\u00edm pros\u00edm zkontrolujte velikostn\u00ed tabulku<\/strong><\/p>\n<p><img class=\"alignnone size-medium wp-image-14816\" src=\"https:\/\/www.scrubimed.sk\/wp-content\/uploads\/2020\/04\/Sn%C3%ADmka-obrazovky-2020-05-01-o-11.36.49-208x300.png\" alt=\"\" width=\"208\" height=\"300\"><img class=\"alignnone size-full wp-image-26149\" src=\"https:\/\/www.scrubimed.sk\/wp-content\/uploads\/2020\/05\/Tabulka-nova-kolekcia.png\" alt=\"\" width=\"1243\" height=\"452\" srcset=\"https:\/\/www.scrubimed.sk\/wp-content\/uploads\/2020\/05\/Tabulka-nova-kolekcia.png 1243w, https:\/\/www.scrubimed.sk\/wp-content\/uploads\/2020\/05\/Tabulka-nova-kolekcia-510x185.png 510w, https:\/\/www.scrubimed.sk\/wp-content\/uploads\/2020\/05\/Tabulka-nova-kolekcia-300x109.png 300w, https:\/\/www.scrubimed.sk\/wp-content\/uploads\/2020\/05\/Tabulka-nova-kolekcia-768x279.png 768w, https:\/\/www.scrubimed.sk\/wp-content\/uploads\/2020\/05\/Tabulka-nova-kolekcia-1024x372.png 1024w\" sizes=\"(max-width: 1243px) 100vw, 1243px\" \/><\/p>\n<p>&nbsp;<\/p>\n","protected":false},"excerpt":{"rendered":"<ul>\n<li>Evropsk\u00e1 v\u00fdroba<\/li>\n<li>P\u0159ed objedn\u00e1n\u00edm zkontrolujte velikostn\u00ed tabulku<\/li>\n<\/ul>\n","protected":false},"featured_media":26068,"comment_status":"open","ping_status":"closed","template":"","meta":{"_mi_skip_tracking":false,"_monsterinsights_sitenote_active":false,"_monsterinsights_sitenote_note":"","_monsterinsights_sitenote_category":0,"spay_email":""},"product_cat":[743,730],"product_tag":[],"_links":{"self":[{"href":"https:\/\/www.scrubimed.sk\/cs\/wp-json\/wp\/v2\/product\/29158"}],"collection":[{"href":"https:\/\/www.scrubimed.sk\/cs\/wp-json\/wp\/v2\/product"}],"about":[{"href":"https:\/\/www.scrubimed.sk\/cs\/wp-json\/wp\/v2\/types\/product"}],"replies":[{"embeddable":true,"href":"https:\/\/www.scrubimed.sk\/cs\/wp-json\/wp\/v2\/comments?post=29158"}],"wp:featuredmedia":[{"embeddable":true,"href":"https:\/\/www.scrubimed.sk\/cs\/wp-json\/wp\/v2\/media\/26068"}],"wp:attachment":[{"href":"https:\/\/www.scrubimed.sk\/cs\/wp-json\/wp\/v2\/media?parent=29158"}],"wp:term":[{"taxonomy":"product_cat","embeddable":true,"href":"https:\/\/www.scrubimed.sk\/cs\/wp-json\/wp\/v2\/product_cat?post=29158"},{"taxonomy":"product_tag","embeddable":true,"href":"https:\/\/www.scrubimed.sk\/cs\/wp-json\/wp\/v2\/product_tag?post=29158"}],"curies":[{"name":"wp","href":"https:\/\/api.w.org\/{rel}","templated":true}]}}