{"id":29042,"date":"2020-08-10T16:30:49","date_gmt":"2021-04-10T20:16:48","guid":{"rendered":"https:\/\/www.scrubimed.sk\/produkt\/modra-operacni-souprava\/"},"modified":"2021-04-10T22:16:48","modified_gmt":"2021-04-10T20:16:48","slug":"modra-operacni-suprava","status":"publish","type":"product","link":"https:\/\/www.scrubimed.sk\/cs\/produkt\/modra-operacni-suprava\/","title":{"rendered":"Modr\u00e1 opera\u010dn\u00ed souprava"},"content":{"rendered":"<p><img src=\"https:\/\/cdn.shopify.com\/s\/files\/1\/0070\/9997\/3687\/files\/najlepsia_cena_-_certifikat_vystaveny_2019_compact.png?v=1557225129\" alt=\"\"><\/p>\n<p><img src=\"https:\/\/cdn.shopify.com\/s\/files\/1\/0070\/9997\/3687\/files\/hviezdy_small.png?v=1556274512\" alt=\"\"><\/p>\n<div>\n<p>L\u00e1tka je p\u0159\u00edjemn\u00e1 na no\u0161en\u00ed v l\u00e9t\u011b iv zim\u011b, nema\u010dk\u00e1 se, nesr\u00e1\u017e\u00ed se a nebarv\u00ed ostatn\u00ed oble\u010den\u00ed v pra\u010dce. Doporu\u010dujeme pr\u00e1t na 60 stupn\u00edch. Na v\u00fdb\u011br je \u0161irok\u00e1 \u0161k\u00e1la zaj\u00edmav\u00fdch barev i klasick\u00e1 b\u00edl\u00e1.<\/p>\n<p><strong>P\u0159ed objedn\u00e1n\u00edm pros\u00edm zkontrolujte velikostn\u00ed tabulku<\/strong><\/p>\n<\/div>\n<p><img src=\"https:\/\/cdn.shopify.com\/s\/files\/1\/0070\/9997\/3687\/files\/Tabulka_SK_2048x2048.jpg?v=1557689473\" alt=\"\"><\/p>\n","protected":false},"excerpt":{"rendered":"<ul>\n<li>zdravotnick\u00e1 souprava<\/li>\n<li>p\u0159\u00edjemn\u00fd materi\u00e1l<\/li>\n<li>Kalhoty na \u0161\u0148\u016frku<\/li>\n<li>Ko\u0161ile s prsn\u00edm kapsou<\/li>\n<\/ul>\n","protected":false},"featured_media":26335,"comment_status":"open","ping_status":"closed","template":"","meta":{"_mi_skip_tracking":false,"_monsterinsights_sitenote_active":false,"_monsterinsights_sitenote_note":"","_monsterinsights_sitenote_category":0,"spay_email":""},"product_cat":[747,743],"product_tag":[],"_links":{"self":[{"href":"https:\/\/www.scrubimed.sk\/cs\/wp-json\/wp\/v2\/product\/29042"}],"collection":[{"href":"https:\/\/www.scrubimed.sk\/cs\/wp-json\/wp\/v2\/product"}],"about":[{"href":"https:\/\/www.scrubimed.sk\/cs\/wp-json\/wp\/v2\/types\/product"}],"replies":[{"embeddable":true,"href":"https:\/\/www.scrubimed.sk\/cs\/wp-json\/wp\/v2\/comments?post=29042"}],"wp:featuredmedia":[{"embeddable":true,"href":"https:\/\/www.scrubimed.sk\/cs\/wp-json\/wp\/v2\/media\/26335"}],"wp:attachment":[{"href":"https:\/\/www.scrubimed.sk\/cs\/wp-json\/wp\/v2\/media?parent=29042"}],"wp:term":[{"taxonomy":"product_cat","embeddable":true,"href":"https:\/\/www.scrubimed.sk\/cs\/wp-json\/wp\/v2\/product_cat?post=29042"},{"taxonomy":"product_tag","embeddable":true,"href":"https:\/\/www.scrubimed.sk\/cs\/wp-json\/wp\/v2\/product_tag?post=29042"}],"curies":[{"name":"wp","href":"https:\/\/api.w.org\/{rel}","templated":true}]}}