{"id":28980,"date":"2020-08-17T12:15:22","date_gmt":"2021-04-10T20:14:15","guid":{"rendered":"https:\/\/www.scrubimed.sk\/produkt\/zdravotnicka-halenka-ines\/"},"modified":"2021-04-10T22:14:19","modified_gmt":"2021-04-10T20:14:19","slug":"zdravotnicka-halenka-ines","status":"publish","type":"product","link":"https:\/\/www.scrubimed.sk\/cs\/produkt\/zdravotnicka-halenka-ines\/","title":{"rendered":"Zdravotnick\u00e1 Halenka INES"},"content":{"rendered":"<p><img src=\"https:\/\/cdn.shopify.com\/s\/files\/1\/0070\/9997\/3687\/files\/najlepsia_cena_-_certifikat_vystaveny_2019_compact.png?v=1557225129\" alt=\"\"><\/p>\n<p><img src=\"https:\/\/cdn.shopify.com\/s\/files\/1\/0070\/9997\/3687\/files\/hviezdy_small.png?v=1556274512\" alt=\"\"><\/p>\n<p>Pohodln\u00e1 stylov\u00e1 zdravotnick\u00e1 ko\u0161ile.<\/p>\n<p>P\u0159\u00edjemn\u00fd materi\u00e1l vhodn\u00fd na l\u00e9to i zimu. B\u011bhem pran\u00ed nebarv\u00ed ostatn\u00ed oble\u010den\u00ed. Doporu\u010dujeme pr\u00e1t na 60 stupn\u00edch.<\/p>\n<p><strong>P\u0159ed objedn\u00e1n\u00edm pros\u00edm zkontrolujte velikostn\u00ed tabulku<\/strong><\/p>\n<p><img class=\"alignnone size-medium wp-image-14816\" src=\"https:\/\/www.scrubimed.sk\/wp-content\/uploads\/2020\/04\/Sn%C3%ADmka-obrazovky-2020-05-01-o-11.36.49-208x300.png\" alt=\"\" width=\"208\" height=\"300\"><img class=\"alignnone size-full wp-image-26149\" src=\"https:\/\/www.scrubimed.sk\/wp-content\/uploads\/2020\/05\/Tabulka-nova-kolekcia.png\" alt=\"\" width=\"1243\" height=\"452\" srcset=\"https:\/\/www.scrubimed.sk\/wp-content\/uploads\/2020\/05\/Tabulka-nova-kolekcia.png 1243w, https:\/\/www.scrubimed.sk\/wp-content\/uploads\/2020\/05\/Tabulka-nova-kolekcia-510x185.png 510w, https:\/\/www.scrubimed.sk\/wp-content\/uploads\/2020\/05\/Tabulka-nova-kolekcia-300x109.png 300w, https:\/\/www.scrubimed.sk\/wp-content\/uploads\/2020\/05\/Tabulka-nova-kolekcia-768x279.png 768w, https:\/\/www.scrubimed.sk\/wp-content\/uploads\/2020\/05\/Tabulka-nova-kolekcia-1024x372.png 1024w\" sizes=\"(max-width: 1243px) 100vw, 1243px\" \/><\/p>\n<p>&nbsp;<\/p>\n","protected":false},"excerpt":{"rendered":"<ul>\n<li>Evropsk\u00e1 v\u00fdroba<\/li>\n<li>P\u0159ed objedn\u00e1n\u00edm zkontrolujte velikostn\u00ed tabulku<\/li>\n<\/ul>\n","protected":false},"featured_media":26326,"comment_status":"open","ping_status":"closed","template":"","meta":{"_mi_skip_tracking":false,"_monsterinsights_sitenote_active":false,"_monsterinsights_sitenote_note":"","_monsterinsights_sitenote_category":0,"spay_email":""},"product_cat":[743,730],"product_tag":[],"_links":{"self":[{"href":"https:\/\/www.scrubimed.sk\/cs\/wp-json\/wp\/v2\/product\/28980"}],"collection":[{"href":"https:\/\/www.scrubimed.sk\/cs\/wp-json\/wp\/v2\/product"}],"about":[{"href":"https:\/\/www.scrubimed.sk\/cs\/wp-json\/wp\/v2\/types\/product"}],"replies":[{"embeddable":true,"href":"https:\/\/www.scrubimed.sk\/cs\/wp-json\/wp\/v2\/comments?post=28980"}],"wp:featuredmedia":[{"embeddable":true,"href":"https:\/\/www.scrubimed.sk\/cs\/wp-json\/wp\/v2\/media\/26326"}],"wp:attachment":[{"href":"https:\/\/www.scrubimed.sk\/cs\/wp-json\/wp\/v2\/media?parent=28980"}],"wp:term":[{"taxonomy":"product_cat","embeddable":true,"href":"https:\/\/www.scrubimed.sk\/cs\/wp-json\/wp\/v2\/product_cat?post=28980"},{"taxonomy":"product_tag","embeddable":true,"href":"https:\/\/www.scrubimed.sk\/cs\/wp-json\/wp\/v2\/product_tag?post=28980"}],"curies":[{"name":"wp","href":"https:\/\/api.w.org\/{rel}","templated":true}]}}