{"id":28368,"date":"2020-11-19T13:18:02","date_gmt":"2021-04-10T19:50:41","guid":{"rendered":"https:\/\/www.scrubimed.sk\/produkt\/lemovana-zdravotnicka-kosile\/"},"modified":"2021-04-10T21:50:42","modified_gmt":"2021-04-10T19:50:42","slug":"lemovana-zdravotnicka-kosile","status":"publish","type":"product","link":"https:\/\/www.scrubimed.sk\/cs\/produkt\/lemovana-zdravotnicka-kosile\/","title":{"rendered":"Lemovan\u00e1 zdravotnick\u00e1 ko\u0161ile"},"content":{"rendered":"<p><img src=\"https:\/\/cdn.shopify.com\/s\/files\/1\/0070\/9997\/3687\/files\/najlepsia_cena_-_certifikat_vystaveny_2019_compact.png?v=1557225129\" alt=\"\"><\/p>\n<p><img src=\"https:\/\/cdn.shopify.com\/s\/files\/1\/0070\/9997\/3687\/files\/hviezdy_small.png?v=1556274512\" alt=\"\"><\/p>\n<div>Zdravotnick\u00e1 ko\u0161ile se stylov\u00fdm lemem a dv\u011bma bo\u010dn\u00edmi kapsami.<\/div>\n<div><\/div>\n<div>Vhodn\u00e9 na v\u0161echny nemocni\u010dn\u00ed odd\u011blen\u00ed, pro doktory, zdravotn\u00ed sestry, asistenty, zubn\u00edch l\u00e9ka\u0159\u016f av posledn\u00ed dob\u011b st\u00e1le popul\u00e1rn\u011bj\u0161\u00ed iv domech soci\u00e1ln\u00edch slu\u017eeb. Doporu\u010dujeme vybrat si k t\u00e9to ko\u0161ili i<a href=\"https:\/\/www.scrubimed.sk\/kategoria-produktu\/nohavice\"> kalhoty<\/a> .<\/div>\n<div><\/div>\n<div>L\u00e1tka je p\u0159\u00edjemn\u00e1 na no\u0161en\u00ed v l\u00e9t\u011b iv zim\u011b, nema\u010dk\u00e1 se, nesr\u00e1\u017e\u00ed se a nebarv\u00ed ostatn\u00ed oble\u010den\u00ed v pra\u010dce. Doporu\u010dujeme pr\u00e1t na 60 stupn\u00edch. Na v\u00fdb\u011br je \u0161irok\u00e1 \u0161k\u00e1la zaj\u00edmav\u00fdch barev i klasick\u00e1 b\u00edl\u00e1.<\/div>\n<div><\/div>\n<p><img src=\"https:\/\/cdn.shopify.com\/s\/files\/1\/0070\/9997\/3687\/files\/Tabulka_SK_2048x2048.jpg?v=1557689473\" alt=\"\"><\/p>\n","protected":false},"excerpt":{"rendered":"<ul>\n<li><strong>Dod\u00e1n\u00ed tohoto oble\u010den\u00ed m\u016f\u017ee trvat 5 t\u00fddn\u016f<\/strong><\/li>\n<li>Tento produkt je mo\u017en\u00e9 zaplatit pouze kartou nebo p\u0159es Paypal<\/li>\n<li>zdravotnick\u00e1 halena<\/li>\n<li>p\u0159\u00edjemn\u00fd materi\u00e1l<\/li>\n<li>Kvalitn\u00ed zdravotnick\u00e9 oble\u010den\u00ed<\/li>\n<li>P\u0159ed objedn\u00e1n\u00edm zkontrolujte velikostn\u00ed tabulku na spodku strany<\/li>\n<\/ul>\n","protected":false},"featured_media":25180,"comment_status":"open","ping_status":"closed","template":"","meta":{"_mi_skip_tracking":false,"_monsterinsights_sitenote_active":false,"_monsterinsights_sitenote_note":"","_monsterinsights_sitenote_category":0,"spay_email":""},"product_cat":[744,725,743,726],"product_tag":[],"_links":{"self":[{"href":"https:\/\/www.scrubimed.sk\/cs\/wp-json\/wp\/v2\/product\/28368"}],"collection":[{"href":"https:\/\/www.scrubimed.sk\/cs\/wp-json\/wp\/v2\/product"}],"about":[{"href":"https:\/\/www.scrubimed.sk\/cs\/wp-json\/wp\/v2\/types\/product"}],"replies":[{"embeddable":true,"href":"https:\/\/www.scrubimed.sk\/cs\/wp-json\/wp\/v2\/comments?post=28368"}],"wp:featuredmedia":[{"embeddable":true,"href":"https:\/\/www.scrubimed.sk\/cs\/wp-json\/wp\/v2\/media\/25180"}],"wp:attachment":[{"href":"https:\/\/www.scrubimed.sk\/cs\/wp-json\/wp\/v2\/media?parent=28368"}],"wp:term":[{"taxonomy":"product_cat","embeddable":true,"href":"https:\/\/www.scrubimed.sk\/cs\/wp-json\/wp\/v2\/product_cat?post=28368"},{"taxonomy":"product_tag","embeddable":true,"href":"https:\/\/www.scrubimed.sk\/cs\/wp-json\/wp\/v2\/product_tag?post=28368"}],"curies":[{"name":"wp","href":"https:\/\/api.w.org\/{rel}","templated":true}]}}