{"id":28275,"date":"2020-11-24T13:29:16","date_gmt":"2021-04-10T19:41:40","guid":{"rendered":"https:\/\/www.scrubimed.sk\/produkt\/rouska-v-hodnote-499-e-ke-kazde-vesele-kosili-zdarma-na-objednavky-obsahujici-2-a-vice-veselych-kosil\/"},"modified":"2021-04-10T21:41:40","modified_gmt":"2021-04-10T19:41:40","slug":"rusko-ku-kazdej-vesele-kosili-v-stejnem-vzoru","status":"publish","type":"product","link":"https:\/\/www.scrubimed.sk\/cs\/produkt\/rusko-ku-kazdej-vesele-kosili-v-stejnem-vzoru\/","title":{"rendered":"Rou\u0161ka v hodnot\u011b 4,99 \u20ac ke ka\u017ed\u00e9 Vesel\u00e9 ko\u0161ili. Zdarma na objedn\u00e1vky obsahuj\u00edc\u00ed 2 a v\u00edce Vesel\u00fdch ko\u0161il."},"content":{"rendered":"","protected":false},"excerpt":{"rendered":"<p>Rou\u0161ka vyroben\u00e9 z certifikovan\u00e9 bavlny.<\/p>\n<p>Ochrann\u00e9 rou\u0161ku na \u00fasta a nos, slou\u017e\u00edc\u00ed jako prevence proti virov\u00fdm onemocn\u011bn\u00edm. Vyrobeno ze 100% bavlny. Dvouvrstv\u00e9. Pohodln\u00e9 no\u0161en\u00ed a vysok\u00e1 \u00fa\u010dinnost. Vhodn\u00e9 na ka\u017ed\u00fd tvar hlavy. Obl\u00edben\u00e9 na v\u0161ech nemocni\u010dn\u00edch odd\u011blen\u00edch iv dom\u00e1cnostech. Mo\u017en\u00e9 pr\u00e1t v pra\u010dce na 60 stupn\u00edch.<\/p>\n<p>Rou\u0161ka doporu\u010dujeme vyprat po ka\u017ed\u00e9m pou\u017eit\u00ed a po vysu\u0161en\u00ed vy\u017eehlit \u017eehli\u010dkou oh\u0159\u00e1tou alespo\u0148 na 200 stup\u0148\u016f. Tak zabez\u010d\u00edte sterilitu rou\u0161ky. V ojedin\u011bl\u00fdch p\u0159\u00edpadech u\u017eivatel\u00e9 vyvarovat rou\u0161ku ve vod\u011b pro maxim\u00e1ln\u00ed jistotu \u017ee se na rou\u0161ku nevyskytuje \u017e\u00e1dn\u00fd mikroorganismus.<\/p>\n<p>Pokud opou\u0161t\u00edte domov v\u00edce kr\u00e1t za den, je vhodn\u00e9 vlastnit minim\u00e1ln\u011b dv\u011b rou\u0161ky, abyste m\u011bli jedno v\u017edy such\u00e9 a vy\u017eehlen\u00e9 a druh\u00e9 v pra\u010dce.<\/p>\n<p>V souvislosti se situac\u00ed na Slovensku a ve sv\u011bt\u011b (s ohledem na COVID 19) a vzhledem k povaze tohoto produktu bohu\u017eel nem\u016f\u017eeme akceptovat reklamaci rou\u0161ek. Na\u0159\u00edzen\u00ed je d\u00e1no z d\u016fvodu zamezen\u00ed \u0161\u00ed\u0159en\u00ed viru. Pros\u00edme, dbejte na tuto skute\u010dnost p\u0159i vytv\u00e1\u0159en\u00ed objedn\u00e1vky.<\/p>\n","protected":false},"featured_media":25816,"comment_status":"open","ping_status":"closed","template":"","meta":{"_mi_skip_tracking":false,"_monsterinsights_sitenote_active":false,"_monsterinsights_sitenote_note":"","_monsterinsights_sitenote_category":0,"spay_email":""},"product_cat":[736],"product_tag":[],"_links":{"self":[{"href":"https:\/\/www.scrubimed.sk\/cs\/wp-json\/wp\/v2\/product\/28275"}],"collection":[{"href":"https:\/\/www.scrubimed.sk\/cs\/wp-json\/wp\/v2\/product"}],"about":[{"href":"https:\/\/www.scrubimed.sk\/cs\/wp-json\/wp\/v2\/types\/product"}],"replies":[{"embeddable":true,"href":"https:\/\/www.scrubimed.sk\/cs\/wp-json\/wp\/v2\/comments?post=28275"}],"wp:featuredmedia":[{"embeddable":true,"href":"https:\/\/www.scrubimed.sk\/cs\/wp-json\/wp\/v2\/media\/25816"}],"wp:attachment":[{"href":"https:\/\/www.scrubimed.sk\/cs\/wp-json\/wp\/v2\/media?parent=28275"}],"wp:term":[{"taxonomy":"product_cat","embeddable":true,"href":"https:\/\/www.scrubimed.sk\/cs\/wp-json\/wp\/v2\/product_cat?post=28275"},{"taxonomy":"product_tag","embeddable":true,"href":"https:\/\/www.scrubimed.sk\/cs\/wp-json\/wp\/v2\/product_tag?post=28275"}],"curies":[{"name":"wp","href":"https:\/\/api.w.org\/{rel}","templated":true}]}}