{"id":28098,"date":"2020-12-09T18:42:10","date_gmt":"2021-04-10T19:38:17","guid":{"rendered":"https:\/\/www.scrubimed.sk\/produkt\/vesela-kosile-jaro\/"},"modified":"2021-04-10T21:38:17","modified_gmt":"2021-04-10T19:38:17","slug":"vesela-kosile-jar","status":"publish","type":"product","link":"https:\/\/www.scrubimed.sk\/cs\/produkt\/vesela-kosile-jar\/","title":{"rendered":"Vesel\u00e1 Ko\u0161ile &#8211; Jaro"},"content":{"rendered":"<p><img src=\"https:\/\/cdn.shopify.com\/s\/files\/1\/0070\/9997\/3687\/files\/najlepsia_cena_-_certifikat_vystaveny_2019_compact.png?v=1557225129\" alt=\"\"><\/p>\n<p><img src=\"https:\/\/cdn.shopify.com\/s\/files\/1\/0070\/9997\/3687\/files\/hviezdy_small.png?v=1556274512\" alt=\"\"><\/p>\n<p>Kr\u00e1sn\u00e1 zdravotnick\u00e1 ko\u0161ile se vzorem kv\u00edtk\u016f. Doporu\u010dujeme k n\u00ed nosit sv\u011btlo fialov\u00e9 kalhoty.<\/p>\n<p>U\u017e od prad\u00e1vna se kv\u011bty vyu\u017e\u00edvaly na pod\u0161krnutie p\u0159irozen\u00e9 kr\u00e1sy \u017een. Tento design zdravotnick\u00e9 ko\u0161ile nalad\u00ed ka\u017ed\u00e9ho, kdo je s v\u00e1mi v m\u00edstnosti, na p\u0159\u00edjemn\u011b pozitivn\u00ed energizuj\u00edc\u00ed vlnu. V o\u010d\u00edch ostatn\u00edch budete vypadat \u0161\u0165astn\u011bj\u0161\u00ed, vyrovnan\u011bj\u0161\u00ed a p\u016fvabn\u011bj\u0161\u00ed. Zv\u00fdrazn\u00ed sv\u00e9 pozitivn\u00ed osobnostn\u00ed rysy a posun do pozad\u00ed p\u0159\u00edpadn\u00e9 nedokonalosti. Nav\u00edc si dop\u0159ejete pohodl\u00ed kvalitn\u00ed bavlny a ocen\u00edte zpracov\u00e1n\u00ed \u0161ikovn\u00fdmi Slovensk\u00e9 rukama.<\/p>\n<p>Materi\u00e1l ocen\u00edte v l\u00e9t\u011b iv zim\u011b. B\u011bhem pran\u00ed nebarv\u00ed ostatn\u00ed oble\u010den\u00ed. Doporu\u010dujeme pr\u00e1t na 60 stupn\u00edch.<\/p>\n<p><strong>P\u0159ed objedn\u00e1n\u00edm pros\u00edm zkontrolujte velikostn\u00ed tabulku<\/strong><\/p>\n<p><img class=\"alignnone size-full wp-image-21518\" src=\"https:\/\/www.scrubimed.sk\/wp-content\/uploads\/2020\/12\/vel%CC%8Ckostna%CC%81-tabul%CC%8Cka-scrubimed.png\" alt=\"\" width=\"1217\" height=\"1302\"><\/p>\n","protected":false},"excerpt":{"rendered":"<p>&nbsp;<\/p>\n<ul>\n<li>Vyrobeno v Slovensk\u00e9 chr\u00e1n\u011bn\u00fdch d\u00edln\u00e1ch<\/li>\n<li>Mo\u017enost koupit jako soupravu s \u010derven\u00fdmi bavln\u011bn\u00fdmi kalhotami<\/li>\n<li>100% bavlna<\/li>\n<li>P\u0159ed objedn\u00e1n\u00edm zkontrolujte velikostn\u00ed tabulku<\/li>\n<\/ul>\n","protected":false},"featured_media":26680,"comment_status":"open","ping_status":"closed","template":"","meta":{"_mi_skip_tracking":false,"_monsterinsights_sitenote_active":false,"_monsterinsights_sitenote_note":"","_monsterinsights_sitenote_category":0,"spay_email":""},"product_cat":[743,734,733,730],"product_tag":[],"_links":{"self":[{"href":"https:\/\/www.scrubimed.sk\/cs\/wp-json\/wp\/v2\/product\/28098"}],"collection":[{"href":"https:\/\/www.scrubimed.sk\/cs\/wp-json\/wp\/v2\/product"}],"about":[{"href":"https:\/\/www.scrubimed.sk\/cs\/wp-json\/wp\/v2\/types\/product"}],"replies":[{"embeddable":true,"href":"https:\/\/www.scrubimed.sk\/cs\/wp-json\/wp\/v2\/comments?post=28098"}],"wp:featuredmedia":[{"embeddable":true,"href":"https:\/\/www.scrubimed.sk\/cs\/wp-json\/wp\/v2\/media\/26680"}],"wp:attachment":[{"href":"https:\/\/www.scrubimed.sk\/cs\/wp-json\/wp\/v2\/media?parent=28098"}],"wp:term":[{"taxonomy":"product_cat","embeddable":true,"href":"https:\/\/www.scrubimed.sk\/cs\/wp-json\/wp\/v2\/product_cat?post=28098"},{"taxonomy":"product_tag","embeddable":true,"href":"https:\/\/www.scrubimed.sk\/cs\/wp-json\/wp\/v2\/product_tag?post=28098"}],"curies":[{"name":"wp","href":"https:\/\/api.w.org\/{rel}","templated":true}]}}