{"id":28051,"date":"2020-12-10T16:12:37","date_gmt":"2021-04-10T19:36:37","guid":{"rendered":"https:\/\/www.scrubimed.sk\/produkt\/zakladni-jednobarevna-kosile-100-bavlna\/"},"modified":"2021-04-10T21:36:38","modified_gmt":"2021-04-10T19:36:38","slug":"zakladni-jednobarevny-kosile-100-bavlna","status":"publish","type":"product","link":"https:\/\/www.scrubimed.sk\/cs\/produkt\/zakladni-jednobarevny-kosile-100-bavlna\/","title":{"rendered":"Z\u00e1kladn\u00ed jednobarevn\u00e1 ko\u0161ile (100% bavlna)"},"content":{"rendered":"<p><img src=\"https:\/\/cdn.shopify.com\/s\/files\/1\/0070\/9997\/3687\/files\/najlepsia_cena_-_certifikat_vystaveny_2019_compact.png?v=1557225129\" alt=\"\"><\/p>\n<p><img src=\"https:\/\/cdn.shopify.com\/s\/files\/1\/0070\/9997\/3687\/files\/hviezdy_small.png?v=1556274512\" alt=\"\"><\/p>\n<div>\n<p>Ko\u0161ile m\u00e1 dv\u011b kapsy na boc\u00edch + jedno prsn\u00ed kapsa. L\u00e1tka je p\u0159\u00edjemn\u00e1 na no\u0161en\u00ed v l\u00e9t\u011b iv zim\u011b. Doporu\u010dujeme pr\u00e1t na 60 stupn\u00edch. Na v\u00fdb\u011br je \u0161irok\u00e1 \u0161k\u00e1la zaj\u00edmav\u00fdch barev, kter\u00e9 Podtrhnout va\u0161i v\u00fdjime\u010dnost.<\/p>\n<p><strong>P\u0159ed objedn\u00e1n\u00edm pros\u00edm zkontrolujte velikostn\u00ed tabulku<\/strong><\/p>\n<\/div>\n<p><img class=\"alignnone size-full wp-image-21518\" src=\"https:\/\/www.scrubimed.sk\/wp-content\/uploads\/2020\/12\/ve%C4%BEkostn%C3%A1-tabu%C4%BEka-scrubimed.png\" alt=\"\" width=\"1217\" height=\"1302\"><\/p>\n","protected":false},"excerpt":{"rendered":"<ul>\n<li>zdravotnick\u00e1 souprava<\/li>\n<li>100% bavlna<\/li>\n<li>Vyrobeno na Slovensku<\/li>\n<li>p\u0159\u00edjemn\u00fd materi\u00e1l<\/li>\n<li>Kalhoty na gumu<\/li>\n<li>Ko\u0161ile s prsn\u00edm kapsou<\/li>\n<\/ul>\n","protected":false},"featured_media":41283,"comment_status":"open","ping_status":"closed","template":"","meta":{"_mi_skip_tracking":false,"_monsterinsights_sitenote_active":false,"_monsterinsights_sitenote_note":"","_monsterinsights_sitenote_category":0,"spay_email":""},"product_cat":[744,735,743,734],"product_tag":[],"_links":{"self":[{"href":"https:\/\/www.scrubimed.sk\/cs\/wp-json\/wp\/v2\/product\/28051"}],"collection":[{"href":"https:\/\/www.scrubimed.sk\/cs\/wp-json\/wp\/v2\/product"}],"about":[{"href":"https:\/\/www.scrubimed.sk\/cs\/wp-json\/wp\/v2\/types\/product"}],"replies":[{"embeddable":true,"href":"https:\/\/www.scrubimed.sk\/cs\/wp-json\/wp\/v2\/comments?post=28051"}],"wp:featuredmedia":[{"embeddable":true,"href":"https:\/\/www.scrubimed.sk\/cs\/wp-json\/wp\/v2\/media\/41283"}],"wp:attachment":[{"href":"https:\/\/www.scrubimed.sk\/cs\/wp-json\/wp\/v2\/media?parent=28051"}],"wp:term":[{"taxonomy":"product_cat","embeddable":true,"href":"https:\/\/www.scrubimed.sk\/cs\/wp-json\/wp\/v2\/product_cat?post=28051"},{"taxonomy":"product_tag","embeddable":true,"href":"https:\/\/www.scrubimed.sk\/cs\/wp-json\/wp\/v2\/product_tag?post=28051"}],"curies":[{"name":"wp","href":"https:\/\/api.w.org\/{rel}","templated":true}]}}