{"id":27941,"date":"2021-01-04T13:25:01","date_gmt":"2021-04-10T19:32:32","guid":{"rendered":"https:\/\/www.scrubimed.sk\/produkt\/vesela-kosile-souprava-letadelko\/"},"modified":"2021-04-10T21:32:33","modified_gmt":"2021-04-10T19:32:33","slug":"vesela-kosile-souprava-letadelka","status":"publish","type":"product","link":"https:\/\/www.scrubimed.sk\/cs\/produkt\/vesela-kosile-souprava-letadelka\/","title":{"rendered":"Vesel\u00e1 Ko\u0161ile \/ Souprava &#8211; Letad\u00e9lko"},"content":{"rendered":"<p><img src=\"https:\/\/cdn.shopify.com\/s\/files\/1\/0070\/9997\/3687\/files\/najlepsia_cena_-_certifikat_vystaveny_2019_compact.png?v=1557225129\" alt=\"\"><\/p>\n<p><img src=\"https:\/\/cdn.shopify.com\/s\/files\/1\/0070\/9997\/3687\/files\/hviezdy_small.png?v=1556274512\" alt=\"\"><\/p>\n<p>Kr\u00e1sn\u00e1 zdravotnick\u00e1 ko\u0161ile se zv\u00ed\u0159\u00e1tky na letadlech. Mo\u017enost objednat samostatnou ko\u0161ili nebo v\u00fdhodnou soupravu.<\/p>\n<p>Ka\u017ed\u00fd \u010dlov\u011bk ob\u010das za\u017e\u00edv\u00e1 situace, nad kter\u00fdmi se t\u0159eba jen povzn\u00e9st. Lietadielkov\u00e1 zdravotnick\u00e1 bl\u016fza je inspirov\u00e1na psychickou silou a vyzr\u00e1lost\u00ed. Odkazuje na to, \u017ee ne ka\u017ed\u00fd probl\u00e9m vy\u017eaduje na\u0161i anga\u017eovanost. Kdykoliv se budete cht\u00edt pod\u00edvat na n\u011bjak\u00fd nezdar z v\u00e4\u010d\u0161\u0161ej v\u00fd\u0161ky, tato ko\u0161ile s v\u00fdjime\u010dn\u00fdm designem v\u00e1m zaru\u010den\u011b pom\u016f\u017ee \ud83d\ude42 Halenka je nav\u00edc lad\u011bn\u00e1 do modr\u00e9 barvy, co\u017e ze psychologick\u00e9ho hlediska zlep\u0161uje vztahy a fyzick\u00fd kontakt s lidmi.<\/p>\n<p>Vzorovan\u00e9 oble\u010den\u00ed obecn\u011b rozz\u00e1\u0159\u00ed v\u00e1s i celkovou atmosf\u00e9ru na odd\u011blen\u00ed \u010di v ordinaci. T\u00edmto kouskem od\u011bvu, tak nepot\u011b\u0161\u00edte jen sebe ale i kolegy, ostatn\u00ed person\u00e1l a zejm\u00e9na pacient\u016f.<\/p>\n<p>Velmi p\u0159\u00edjemn\u00fd materi\u00e1l, kter\u00fd ocen\u00edte v l\u00e9t\u011b iv zim\u011b. B\u011bhem pran\u00ed nebarv\u00ed ostatn\u00ed oble\u010den\u00ed. Doporu\u010dujeme pr\u00e1t na 60 stupn\u00edch.<\/p>\n<p><strong>P\u0159ed objedn\u00e1n\u00edm pros\u00edm zkontrolujte velikostn\u00ed tabulku<\/strong><\/p>\n<p><img class=\"alignnone size-full wp-image-21518\" src=\"https:\/\/www.scrubimed.sk\/wp-content\/uploads\/2020\/12\/vel%CC%8Ckostna%CC%81-tabul%CC%8Cka-scrubimed.png\" alt=\"\" width=\"1217\" height=\"1302\"><\/p>\n","protected":false},"excerpt":{"rendered":"<p>&nbsp;<\/p>\n<ul>\n<li>Vyrobeno v Slovensk\u00e9 chr\u00e1n\u011bn\u00fdch d\u00edln\u00e1ch<\/li>\n<li>Mo\u017enost koupit jako soupravu s \u010derven\u00fdmi bavln\u011bn\u00fdmi kalhotami<\/li>\n<li>100% bavlna<\/li>\n<li>P\u0159ed objedn\u00e1n\u00edm zkontrolujte velikostn\u00ed tabulku<\/li>\n<\/ul>\n","protected":false},"featured_media":26770,"comment_status":"open","ping_status":"closed","template":"","meta":{"_mi_skip_tracking":false,"_monsterinsights_sitenote_active":false,"_monsterinsights_sitenote_note":"","_monsterinsights_sitenote_category":0,"spay_email":""},"product_cat":[743,734,729,733,722,730],"product_tag":[],"_links":{"self":[{"href":"https:\/\/www.scrubimed.sk\/cs\/wp-json\/wp\/v2\/product\/27941"}],"collection":[{"href":"https:\/\/www.scrubimed.sk\/cs\/wp-json\/wp\/v2\/product"}],"about":[{"href":"https:\/\/www.scrubimed.sk\/cs\/wp-json\/wp\/v2\/types\/product"}],"replies":[{"embeddable":true,"href":"https:\/\/www.scrubimed.sk\/cs\/wp-json\/wp\/v2\/comments?post=27941"}],"wp:featuredmedia":[{"embeddable":true,"href":"https:\/\/www.scrubimed.sk\/cs\/wp-json\/wp\/v2\/media\/26770"}],"wp:attachment":[{"href":"https:\/\/www.scrubimed.sk\/cs\/wp-json\/wp\/v2\/media?parent=27941"}],"wp:term":[{"taxonomy":"product_cat","embeddable":true,"href":"https:\/\/www.scrubimed.sk\/cs\/wp-json\/wp\/v2\/product_cat?post=27941"},{"taxonomy":"product_tag","embeddable":true,"href":"https:\/\/www.scrubimed.sk\/cs\/wp-json\/wp\/v2\/product_tag?post=27941"}],"curies":[{"name":"wp","href":"https:\/\/api.w.org\/{rel}","templated":true}]}}