{"id":27647,"date":"2021-02-04T17:24:32","date_gmt":"2021-04-10T19:22:34","guid":{"rendered":"https:\/\/www.scrubimed.sk\/produkt\/vesela-kosile-emoji\/"},"modified":"2022-10-23T14:10:58","modified_gmt":"2022-10-23T12:10:58","slug":"vesela-kosile-nocne-smajliky-kupi","status":"publish","type":"product","link":"https:\/\/www.scrubimed.sk\/cs\/produkt\/vesela-kosile-nocne-smajliky-kupi\/","title":{"rendered":"Vesel\u00e1 Ko\u0161ile &#8211; Emoji"},"content":{"rendered":"<p><img src=\"https:\/\/cdn.shopify.com\/s\/files\/1\/0070\/9997\/3687\/files\/najlepsia_cena_-_certifikat_vystaveny_2019_compact.png?v=1557225129\" alt=\"\"><\/p>\n<p><img src=\"https:\/\/cdn.shopify.com\/s\/files\/1\/0070\/9997\/3687\/files\/hviezdy_small.png?v=1556274512\" alt=\"\"><\/p>\n<p>Zdravotnick\u00e1 ko\u0161ile s kr\u00e1sn\u00fdm smajl\u00edkov\u00fd vzorem.<\/p>\n<p>\u00dasm\u011bv nen\u00ed \u017e\u00e1dn\u00e1 \u0161ifra, je to mal\u00e1 v\u00fdhra l\u00edc &#8230; Jednoduch\u00fd text zn\u00e1m\u00e9 p\u00edsn\u011b v sob\u011b ukr\u00fdv\u00e1 velk\u00e9 moud\u0159e. V\u00fdjime\u010dn\u00e9 v\u011bci nemus\u00ed b\u00fdt komplikovan\u00e9 a drah\u00e9. N\u011bkdy je t\u00edm nejkr\u00e1sn\u011bj\u0161\u00edm darem pro sebe a ostatn\u00edch pr\u00e1v\u011b \u00fasm\u011bv. Smajl\u00edkov\u00fd zdravotnick\u00e1 ko\u0161ile je ur\u010dena pro v\u0161echny, kte\u0159\u00ed ve sv\u00e9m okol\u00ed ocen\u00ed v\u00edce nadzvednut\u00edm koutk\u016f \u00fast \ud83d\ude42 Tento vesel\u00fd design je ide\u00e1ln\u00ed na podporu pozitivn\u00edch emoc\u00ed \ud83d\ude42<\/p>\n<p>Vzorovan\u00e9 oble\u010den\u00ed obecn\u011b rozz\u00e1\u0159\u00ed v\u00e1s i celkovou atmosf\u00e9ru na odd\u011blen\u00ed \u010di v ordinaci. T\u00edmto kouskem od\u011bvu, tak nepot\u011b\u0161\u00edte jen sebe ale i kolegy, ostatn\u00ed person\u00e1l a zejm\u00e9na pacient\u016f.<\/p>\n<p>P\u0159\u00edjemn\u00fd materi\u00e1l vhodn\u00fd na l\u00e9to i zimu. B\u011bhem pran\u00ed nebarv\u00ed ostatn\u00ed oble\u010den\u00ed. Doporu\u010dujeme pr\u00e1t na 60 stupn\u00edch.<\/p>\n<p><strong>P\u0159ed objedn\u00e1n\u00edm pros\u00edm zkontrolujte velikostn\u00ed tabulku<\/strong><\/p>\n<p><img class=\"alignnone size-full wp-image-21518\" src=\"https:\/\/www.scrubimed.sk\/wp-content\/uploads\/2020\/12\/vel%CC%8Ckostna%CC%81-tabul%CC%8Cka-scrubimed.png\" alt=\"\" width=\"1217\" height=\"1302\"><\/p>\n<p>&nbsp;<\/p>\n","protected":false},"excerpt":{"rendered":"<ul>\n<li>100% bavlna<\/li>\n<li>Vyr\u00e1b\u011bn\u00e1 v Slovensk\u00e9 chr\u00e1n\u011bn\u00fdch d\u00edln\u00e1ch<\/li>\n<li>P\u0159ed objedn\u00e1n\u00edm zkontrolujte velikostn\u00ed tabulku<\/li>\n<\/ul>\n","protected":false},"featured_media":26917,"comment_status":"open","ping_status":"closed","template":"","meta":{"_mi_skip_tracking":false,"_monsterinsights_sitenote_active":false,"_monsterinsights_sitenote_note":"","_monsterinsights_sitenote_category":0,"spay_email":""},"product_cat":[730],"product_tag":[],"_links":{"self":[{"href":"https:\/\/www.scrubimed.sk\/cs\/wp-json\/wp\/v2\/product\/27647"}],"collection":[{"href":"https:\/\/www.scrubimed.sk\/cs\/wp-json\/wp\/v2\/product"}],"about":[{"href":"https:\/\/www.scrubimed.sk\/cs\/wp-json\/wp\/v2\/types\/product"}],"replies":[{"embeddable":true,"href":"https:\/\/www.scrubimed.sk\/cs\/wp-json\/wp\/v2\/comments?post=27647"}],"wp:featuredmedia":[{"embeddable":true,"href":"https:\/\/www.scrubimed.sk\/cs\/wp-json\/wp\/v2\/media\/26917"}],"wp:attachment":[{"href":"https:\/\/www.scrubimed.sk\/cs\/wp-json\/wp\/v2\/media?parent=27647"}],"wp:term":[{"taxonomy":"product_cat","embeddable":true,"href":"https:\/\/www.scrubimed.sk\/cs\/wp-json\/wp\/v2\/product_cat?post=27647"},{"taxonomy":"product_tag","embeddable":true,"href":"https:\/\/www.scrubimed.sk\/cs\/wp-json\/wp\/v2\/product_tag?post=27647"}],"curies":[{"name":"wp","href":"https:\/\/api.w.org\/{rel}","templated":true}]}}