{"id":27544,"date":"2021-03-04T13:01:06","date_gmt":"2021-04-10T19:08:02","guid":{"rendered":"https:\/\/www.scrubimed.sk\/produkt\/darkovy-poukaz-50-e-scrubimed-sk\/"},"modified":"2021-04-10T21:08:03","modified_gmt":"2021-04-10T19:08:03","slug":"darkove-poukaz-scrubimed-cs-kupi","status":"publish","type":"product","link":"https:\/\/www.scrubimed.sk\/cs\/produkt\/darkove-poukaz-scrubimed-cs-kupi\/","title":{"rendered":"D\u00e1rkov\u00fd poukaz &#8211; 50 \u20ac &#8211; scrubimed.sk"},"content":{"rendered":"","protected":false},"excerpt":{"rendered":"<ul>\n<li>D\u00e1rkov\u00fd poukaz na n\u00e1kup v internetov\u00e9m obchod\u011b scrubimed.sk<\/li>\n<li>Po zaplacen\u00ed v\u00e1m p\u0159ijde do mailov\u00e9 schr\u00e1nky d\u00e1rkov\u00fd poukaz s p\u0159\u00edslu\u0161n\u00fdm slevov\u00fdm k\u00f3dem<\/li>\n<\/ul>\n","protected":false},"featured_media":26968,"comment_status":"open","ping_status":"closed","template":"","meta":{"_mi_skip_tracking":false,"_monsterinsights_sitenote_active":false,"_monsterinsights_sitenote_note":"","_monsterinsights_sitenote_category":0,"spay_email":""},"product_cat":[740],"product_tag":[],"_links":{"self":[{"href":"https:\/\/www.scrubimed.sk\/cs\/wp-json\/wp\/v2\/product\/27544"}],"collection":[{"href":"https:\/\/www.scrubimed.sk\/cs\/wp-json\/wp\/v2\/product"}],"about":[{"href":"https:\/\/www.scrubimed.sk\/cs\/wp-json\/wp\/v2\/types\/product"}],"replies":[{"embeddable":true,"href":"https:\/\/www.scrubimed.sk\/cs\/wp-json\/wp\/v2\/comments?post=27544"}],"wp:featuredmedia":[{"embeddable":true,"href":"https:\/\/www.scrubimed.sk\/cs\/wp-json\/wp\/v2\/media\/26968"}],"wp:attachment":[{"href":"https:\/\/www.scrubimed.sk\/cs\/wp-json\/wp\/v2\/media?parent=27544"}],"wp:term":[{"taxonomy":"product_cat","embeddable":true,"href":"https:\/\/www.scrubimed.sk\/cs\/wp-json\/wp\/v2\/product_cat?post=27544"},{"taxonomy":"product_tag","embeddable":true,"href":"https:\/\/www.scrubimed.sk\/cs\/wp-json\/wp\/v2\/product_tag?post=27544"}],"curies":[{"name":"wp","href":"https:\/\/api.w.org\/{rel}","templated":true}]}}