{"id":15164,"date":"2020-05-08T13:55:33","date_gmt":"2020-05-08T11:55:33","guid":{"rendered":"https:\/\/www.scrubimed.sk\/?post_type=product&#038;p=15164"},"modified":"2023-09-08T10:39:21","modified_gmt":"2023-09-08T08:39:21","slug":"sada-vtipnych-samolepiek","status":"publish","type":"product","link":"https:\/\/www.scrubimed.sk\/cs\/produkt\/sada-vtipnych-samolepiek\/","title":{"rendered":"Sada vtipn\u00fdch samolepiek"},"content":{"rendered":"","protected":false},"excerpt":{"rendered":"<p><span style=\"color: #ff6600;\"><strong>Z\u013dAVA 50% KON\u010c\u00cd ZA:<\/strong><\/span><\/p>\n[wpcdt-countdown id=&#8221;16336&#8243;]\n<p>&nbsp;<\/p>\n<ul>\n<li>45 kusov plastov\u00fdch samolepiek<\/li>\n<li>Jednoduch\u00e9 aplikovanie na rovn\u00fd \u010dist\u00fd povrch<\/li>\n<li>Kvalitn\u00fd materi\u00e1l odoln\u00fd vo\u010di vode<\/li>\n<\/ul>\n","protected":false},"featured_media":15165,"comment_status":"open","ping_status":"closed","template":"","meta":{"_mi_skip_tracking":false,"_monsterinsights_sitenote_active":false,"_monsterinsights_sitenote_note":"","_monsterinsights_sitenote_category":0,"spay_email":""},"product_cat":[1265,115],"product_tag":[],"_links":{"self":[{"href":"https:\/\/www.scrubimed.sk\/cs\/wp-json\/wp\/v2\/product\/15164"}],"collection":[{"href":"https:\/\/www.scrubimed.sk\/cs\/wp-json\/wp\/v2\/product"}],"about":[{"href":"https:\/\/www.scrubimed.sk\/cs\/wp-json\/wp\/v2\/types\/product"}],"replies":[{"embeddable":true,"href":"https:\/\/www.scrubimed.sk\/cs\/wp-json\/wp\/v2\/comments?post=15164"}],"wp:featuredmedia":[{"embeddable":true,"href":"https:\/\/www.scrubimed.sk\/cs\/wp-json\/wp\/v2\/media\/15165"}],"wp:attachment":[{"href":"https:\/\/www.scrubimed.sk\/cs\/wp-json\/wp\/v2\/media?parent=15164"}],"wp:term":[{"taxonomy":"product_cat","embeddable":true,"href":"https:\/\/www.scrubimed.sk\/cs\/wp-json\/wp\/v2\/product_cat?post=15164"},{"taxonomy":"product_tag","embeddable":true,"href":"https:\/\/www.scrubimed.sk\/cs\/wp-json\/wp\/v2\/product_tag?post=15164"}],"curies":[{"name":"wp","href":"https:\/\/api.w.org\/{rel}","templated":true}]}}